{"id":18557,"date":"2023-03-23T10:00:42","date_gmt":"2023-03-23T09:00:42","guid":{"rendered":"http:\/\/globetree.se\/?page_id=18557"},"modified":"2023-03-26T12:15:06","modified_gmt":"2023-03-26T10:15:06","slug":"sten-grangesberg","status":"publish","type":"page","link":"https:\/\/globetree.se\/en\/sten-grangesberg\/","title":{"rendered":"Sten &#8211; Gr\u00e4ngesberg"},"content":{"rendered":"<div data-elementor-type=\"wp-page\" data-elementor-id=\"18557\" class=\"elementor elementor-18557\">\n\t\t\t\t\t\t<div class=\"elementor-inner\">\n\t\t\t\t<div class=\"elementor-section-wrap\">\n\t\t\t\t\t\t\t\t\t<section class=\"elementor-section elementor-top-section elementor-element elementor-element-41a1728 elementor-section-boxed elementor-section-height-default elementor-section-height-default\" data-id=\"41a1728\" data-element_type=\"section\">\n\t\t\t\t\t\t<div class=\"elementor-container elementor-column-gap-default\">\n\t\t\t\t\t\t\t<div class=\"elementor-row\">\n\t\t\t\t\t<div class=\"elementor-column elementor-col-100 elementor-top-column elementor-element elementor-element-be80107\" data-id=\"be80107\" data-element_type=\"column\">\n\t\t\t<div class=\"elementor-column-wrap elementor-element-populated\">\n\t\t\t\t\t\t\t<div class=\"elementor-widget-wrap\">\n\t\t\t\t\t\t<div class=\"elementor-element elementor-element-be30727 elementor-widget elementor-widget-heading\" data-id=\"be30727\" data-element_type=\"widget\" data-widget_type=\"heading.default\">\n\t\t\t\t<div class=\"elementor-widget-container\">\n\t\t\t<h2 class=\"elementor-heading-title elementor-size-default\">Gr\u00e4ngesberg, Dalarna County<\/h2>\t\t<\/div>\n\t\t\t\t<\/div>\n\t\t\t\t\t\t<\/div>\n\t\t\t\t\t<\/div>\n\t\t<\/div>\n\t\t\t\t\t\t\t\t<\/div>\n\t\t\t\t\t<\/div>\n\t\t<\/section>\n\t\t\t\t<section class=\"elementor-section elementor-top-section elementor-element elementor-element-ee0d80f elementor-section-boxed elementor-section-height-default elementor-section-height-default\" data-id=\"ee0d80f\" data-element_type=\"section\">\n\t\t\t\t\t\t<div class=\"elementor-container elementor-column-gap-default\">\n\t\t\t\t\t\t\t<div class=\"elementor-row\">\n\t\t\t\t\t<div class=\"elementor-column elementor-col-100 elementor-top-column elementor-element elementor-element-0789cc1\" data-id=\"0789cc1\" data-element_type=\"column\">\n\t\t\t<div class=\"elementor-column-wrap elementor-element-populated\">\n\t\t\t\t\t\t\t<div class=\"elementor-widget-wrap\">\n\t\t\t\t\t\t<div class=\"elementor-element elementor-element-b034123 elementor-widget elementor-widget-text-editor\" data-id=\"b034123\" data-element_type=\"widget\" data-widget_type=\"text-editor.default\">\n\t\t\t\t<div class=\"elementor-widget-container\">\n\t\t\t\t\t\t\t\t<div class=\"elementor-text-editor elementor-clearfix\">\n\t\t\t\t<p style=\"font-weight: 400;\"><u>UN-stone: Magnetite iron ore, Gr\u00e4ngesberg, Dalarna<br>approx. 1900 million years<\/u><\/p>\t\t\t\t\t<\/div>\n\t\t\t\t\t\t<\/div>\n\t\t\t\t<\/div>\n\t\t\t\t\t\t<\/div>\n\t\t\t\t\t<\/div>\n\t\t<\/div>\n\t\t\t\t\t\t\t\t<\/div>\n\t\t\t\t\t<\/div>\n\t\t<\/section>\n\t\t\t\t<section class=\"elementor-section elementor-top-section elementor-element elementor-element-c2fb397 elementor-section-boxed elementor-section-height-default elementor-section-height-default\" data-id=\"c2fb397\" data-element_type=\"section\">\n\t\t\t\t\t\t<div class=\"elementor-container elementor-column-gap-default\">\n\t\t\t\t\t\t\t<div class=\"elementor-row\">\n\t\t\t\t\t<div class=\"elementor-column elementor-col-100 elementor-top-column elementor-element elementor-element-670b028\" data-id=\"670b028\" data-element_type=\"column\">\n\t\t\t<div class=\"elementor-column-wrap elementor-element-populated\">\n\t\t\t\t\t\t\t<div class=\"elementor-widget-wrap\">\n\t\t\t\t\t\t<div class=\"elementor-element elementor-element-0d90e21 elementor-widget elementor-widget-image\" data-id=\"0d90e21\" data-element_type=\"widget\" data-widget_type=\"image.default\">\n\t\t\t\t<div class=\"elementor-widget-container\">\n\t\t\t\t\t\t\t\t<div class=\"elementor-image\">\n\t\t\t\t\t\t\t\t\t\t\t\t<img width=\"338\" height=\"450\" src=\"https:\/\/globetree.se\/wp-content\/uploads\/2023\/03\/StenCentralV-1080x1440-1.jpg\" class=\"attachment-medium size-medium wp-image-18424\" alt=\"\" loading=\"lazy\" srcset=\"https:\/\/globetree.se\/wp-content\/uploads\/2023\/03\/StenCentralV-1080x1440-1.jpg 1080w, https:\/\/globetree.se\/wp-content\/uploads\/2023\/03\/StenCentralV-1080x1440-1-9x12.jpg 9w\" sizes=\"(max-width: 338px) 100vw, 338px\" \/>\t\t\t\t\t\t\t\t\t\t\t\t\t\t<\/div>\n\t\t\t\t\t\t<\/div>\n\t\t\t\t<\/div>\n\t\t\t\t\t\t<\/div>\n\t\t\t\t\t<\/div>\n\t\t<\/div>\n\t\t\t\t\t\t\t\t<\/div>\n\t\t\t\t\t<\/div>\n\t\t<\/section>\n\t\t\t\t<section class=\"elementor-section elementor-top-section elementor-element elementor-element-6c1b35f elementor-section-boxed elementor-section-height-default elementor-section-height-default\" data-id=\"6c1b35f\" data-element_type=\"section\">\n\t\t\t\t\t\t<div class=\"elementor-container elementor-column-gap-default\">\n\t\t\t\t\t\t\t<div class=\"elementor-row\">\n\t\t\t\t\t<div class=\"elementor-column elementor-col-100 elementor-top-column elementor-element elementor-element-8e5ca38\" data-id=\"8e5ca38\" data-element_type=\"column\">\n\t\t\t<div class=\"elementor-column-wrap elementor-element-populated\">\n\t\t\t\t\t\t\t<div class=\"elementor-widget-wrap\">\n\t\t\t\t\t\t<div class=\"elementor-element elementor-element-8747b20 elementor-widget elementor-widget-text-editor\" data-id=\"8747b20\" data-element_type=\"widget\" data-widget_type=\"text-editor.default\">\n\t\t\t\t<div class=\"elementor-widget-container\">\n\t\t\t\t\t\t\t\t<div class=\"elementor-text-editor elementor-clearfix\">\n\t\t\t\t<p style=\"font-weight: 400;\">I am a block of magnetite iron ore from Gr\u00e4ngesberg in southern Dalarna, south of Ludvika, a smaller copy of a similar block of iron ore that stands in Dag Hammarski\u00f6ld's meditation room in the UN building in New York. Like most other ores in Bergslagen (and also in V\u00e4sterbotten and Norrbotten) I have an age of around 1900 million years. I formed in close association with the volcanism at this time in Bergslagen, although the details of my formation are still debated.<\/p><p style=\"font-weight: 400;\" class=\" translation-block\">There are two important iron ore minerals, hematite and magnetite, and two kinds of iron ore, hematite iron ore and magnetite iron ore. Both hematite and magnetite are iron oxides, compounds consisting of iron and oxygen, but with different formulas; hematite has formula \nFe<sub>2<\/sub>O<sub>3<\/sub>, and magnetite formula Fe<sub>3<\/sub>O<sub>4<\/sub>. \nIt gives them different looks and characteristics. Hematite is non-magnetic and has a gray-blue metallic color, but if you grind the hematite to a fine powder, it turns a brown-red or blood-red color. Hematite iron ore is therefore also called \"bloodstone ore\". Magnetite is magnetic \u2013 as the name suggests \u2013 and black in colour. Magnetite iron ore is therefore also called \"black ore\". The iron ore in Gr\u00e4ngesberg consists mostly of magnetite ore, but there is also some hematite ore there. If you have a magnet with you, you can test that I am magnetic, and thus consists of magnetite ore.<\/p><p style=\"font-weight: 400;\">Iron ore mining in Gr\u00e4ngesberg began in the 16th century, and over time Gr\u00e4ngesberg became one of Sweden's largest and most important iron ore mines, owned by Gr\u00e4ngesbergsbolaget. They had their own railway to transport the ore to Oxel\u00f6sund, where the smelter where iron was made from the ore was located. Mining continued until 1989, when the mine was shut down. But there is still iron ore left in the rocks below, so it is not impossible that mining will be resumed at some point in the future.<\/p><p style=\"font-weight: 400;\"><em>Geologist \u00c5ke Johansson<\/em><em><br \/><\/em><em>Swedish Museum of Natural History<\/em><\/p>\t\t\t\t\t<\/div>\n\t\t\t\t\t\t<\/div>\n\t\t\t\t<\/div>\n\t\t\t\t\t\t<\/div>\n\t\t\t\t\t<\/div>\n\t\t<\/div>\n\t\t\t\t\t\t\t\t<\/div>\n\t\t\t\t\t<\/div>\n\t\t<\/section>\n\t\t\t\t<section class=\"elementor-section elementor-top-section elementor-element elementor-element-98cbfdd elementor-section-boxed elementor-section-height-default elementor-section-height-default\" data-id=\"98cbfdd\" data-element_type=\"section\">\n\t\t\t\t\t\t<div class=\"elementor-container elementor-column-gap-default\">\n\t\t\t\t\t\t\t<div class=\"elementor-row\">\n\t\t\t\t\t<div class=\"elementor-column elementor-col-100 elementor-top-column elementor-element elementor-element-075e685\" data-id=\"075e685\" data-element_type=\"column\">\n\t\t\t<div class=\"elementor-column-wrap elementor-element-populated\">\n\t\t\t\t\t\t\t<div class=\"elementor-widget-wrap\">\n\t\t\t\t\t\t<div class=\"elementor-element elementor-element-0e58c84 elementor-widget elementor-widget-text-editor\" data-id=\"0e58c84\" data-element_type=\"widget\" data-widget_type=\"text-editor.default\">\n\t\t\t\t<div class=\"elementor-widget-container\">\n\t\t\t\t\t\t\t\t<div class=\"elementor-text-editor elementor-clearfix\">\n\t\t\t\t<p><span style=\"color: #0000ff;\"><a style=\"color: #0000ff;\" href=\"https:\/\/globetree.se\/en\/\">Back to the Stone Circle<\/a><\/span><\/p>\t\t\t\t\t<\/div>\n\t\t\t\t\t\t<\/div>\n\t\t\t\t<\/div>\n\t\t\t\t\t\t<\/div>\n\t\t\t\t\t<\/div>\n\t\t<\/div>\n\t\t\t\t\t\t\t\t<\/div>\n\t\t\t\t\t<\/div>\n\t\t<\/section>\n\t\t\t\t\t\t\t\t\t<\/div>\n\t\t\t<\/div>\n\t\t\t\t\t<\/div>","protected":false},"excerpt":{"rendered":"<p>Gr\u00e4ngesberg FN-stenen: Magnetitj\u00e4rnmalm, Gr\u00e4ngesberg, Dalarnaca 1900 miljoner \u00e5r Jag \u00e4r ett block av magnetitj\u00e4rnmalm fr\u00e5n Gr\u00e4ngesberg i s\u00f6dra Dalarna, s\u00f6der om Ludvika, en mindre kopia av ett liknande j\u00e4rnmalmsblock som st\u00e5r i Dag Hammarski\u00f6lds meditationsrum i FN-huset i New York. I likhet med de flesta andra malmer i Bergslagen (och ocks\u00e5 i V\u00e4sterbotten och Norrbotten) &hellip;<\/p>\n<p class=\"read-more\"> <a class=\"\" href=\"https:\/\/globetree.se\/en\/sten-grangesberg\/\"> <span class=\"screen-reader-text\">Sten &#8211; Gr\u00e4ngesberg<\/span> Read More \u00bb<\/a><\/p>","protected":false},"author":1,"featured_media":0,"parent":0,"menu_order":0,"comment_status":"closed","ping_status":"closed","template":"","meta":{"_uag_custom_page_level_css":"","_mi_skip_tracking":false,"site-sidebar-layout":"default","site-content-layout":"default","ast-main-header-display":"","ast-hfb-above-header-display":"","ast-hfb-below-header-display":"","ast-hfb-mobile-header-display":"","site-post-title":"","ast-breadcrumbs-content":"","ast-featured-img":"","footer-sml-layout":"","theme-transparent-header-meta":"","adv-header-id-meta":"","stick-header-meta":"","header-above-stick-meta":"","header-main-stick-meta":"","header-below-stick-meta":""},"uagb_featured_image_src":{"full":false,"thumbnail":false,"medium":false,"medium_large":false,"large":false,"1536x1536":false,"2048x2048":false,"trp-custom-language-flag":false},"uagb_author_info":{"display_name":"Peroy","author_link":"https:\/\/globetree.se\/en\/author\/peroy\/"},"uagb_comment_info":0,"uagb_excerpt":"Gr\u00e4ngesberg FN-stenen: Magnetitj\u00e4rnmalm, Gr\u00e4ngesberg, Dalarnaca 1900 miljoner \u00e5r Jag \u00e4r ett block av magnetitj\u00e4rnmalm fr\u00e5n Gr\u00e4ngesberg i s\u00f6dra Dalarna, s\u00f6der om Ludvika, en mindre kopia av ett liknande j\u00e4rnmalmsblock som st\u00e5r i Dag Hammarski\u00f6lds meditationsrum i FN-huset i New York. I likhet med de flesta andra malmer i Bergslagen (och ocks\u00e5 i V\u00e4sterbotten och Norrbotten)&hellip;","_links":{"self":[{"href":"https:\/\/globetree.se\/en\/wp-json\/wp\/v2\/pages\/18557"}],"collection":[{"href":"https:\/\/globetree.se\/en\/wp-json\/wp\/v2\/pages"}],"about":[{"href":"https:\/\/globetree.se\/en\/wp-json\/wp\/v2\/types\/page"}],"author":[{"embeddable":true,"href":"https:\/\/globetree.se\/en\/wp-json\/wp\/v2\/users\/1"}],"replies":[{"embeddable":true,"href":"https:\/\/globetree.se\/en\/wp-json\/wp\/v2\/comments?post=18557"}],"version-history":[{"count":22,"href":"https:\/\/globetree.se\/en\/wp-json\/wp\/v2\/pages\/18557\/revisions"}],"predecessor-version":[{"id":19235,"href":"https:\/\/globetree.se\/en\/wp-json\/wp\/v2\/pages\/18557\/revisions\/19235"}],"wp:attachment":[{"href":"https:\/\/globetree.se\/en\/wp-json\/wp\/v2\/media?parent=18557"}],"curies":[{"name":"wp","href":"https:\/\/api.w.org\/{rel}","templated":true}]}}