{"id":18561,"date":"2023-03-23T10:00:06","date_gmt":"2023-03-23T09:00:06","guid":{"rendered":"http:\/\/globetree.se\/?page_id=18561"},"modified":"2023-04-25T21:00:07","modified_gmt":"2023-04-25T19:00:07","slug":"sten-blekinge","status":"publish","type":"page","link":"https:\/\/globetree.se\/en\/sten-blekinge\/","title":{"rendered":"Sten &#8211; Blekinge"},"content":{"rendered":"<div data-elementor-type=\"wp-page\" data-elementor-id=\"18561\" class=\"elementor elementor-18561\">\n\t\t\t\t\t\t<div class=\"elementor-inner\">\n\t\t\t\t<div class=\"elementor-section-wrap\">\n\t\t\t\t\t\t\t\t\t<section class=\"elementor-section elementor-top-section elementor-element elementor-element-41a1728 elementor-section-boxed elementor-section-height-default elementor-section-height-default\" data-id=\"41a1728\" data-element_type=\"section\">\n\t\t\t\t\t\t<div class=\"elementor-container elementor-column-gap-default\">\n\t\t\t\t\t\t\t<div class=\"elementor-row\">\n\t\t\t\t\t<div class=\"elementor-column elementor-col-100 elementor-top-column elementor-element elementor-element-be80107\" data-id=\"be80107\" data-element_type=\"column\">\n\t\t\t<div class=\"elementor-column-wrap elementor-element-populated\">\n\t\t\t\t\t\t\t<div class=\"elementor-widget-wrap\">\n\t\t\t\t\t\t<div class=\"elementor-element elementor-element-be30727 elementor-widget elementor-widget-heading\" data-id=\"be30727\" data-element_type=\"widget\" data-widget_type=\"heading.default\">\n\t\t\t\t<div class=\"elementor-widget-container\">\n\t\t\t<h2 class=\"elementor-heading-title elementor-size-default\">Blekinge County - Halle H\u00e5le<\/h2>\t\t<\/div>\n\t\t\t\t<\/div>\n\t\t\t\t\t\t<\/div>\n\t\t\t\t\t<\/div>\n\t\t<\/div>\n\t\t\t\t\t\t\t\t<\/div>\n\t\t\t\t\t<\/div>\n\t\t<\/section>\n\t\t\t\t<section class=\"elementor-section elementor-top-section elementor-element elementor-element-ee0d80f elementor-section-boxed elementor-section-height-default elementor-section-height-default\" data-id=\"ee0d80f\" data-element_type=\"section\">\n\t\t\t\t\t\t<div class=\"elementor-container elementor-column-gap-default\">\n\t\t\t\t\t\t\t<div class=\"elementor-row\">\n\t\t\t\t\t<div class=\"elementor-column elementor-col-100 elementor-top-column elementor-element elementor-element-0789cc1\" data-id=\"0789cc1\" data-element_type=\"column\">\n\t\t\t<div class=\"elementor-column-wrap elementor-element-populated\">\n\t\t\t\t\t\t\t<div class=\"elementor-widget-wrap\">\n\t\t\t\t\t\t<div class=\"elementor-element elementor-element-b034123 elementor-widget elementor-widget-text-editor\" data-id=\"b034123\" data-element_type=\"widget\" data-widget_type=\"text-editor.default\">\n\t\t\t\t<div class=\"elementor-widget-container\">\n\t\t\t\t\t\t\t\t<div class=\"elementor-text-editor elementor-clearfix\">\n\t\t\t\t<div><u>Gnejsgranit, Halle H\u00e5le, H\u00f6rvik, Blekinge<br> approx. 1750 million years<\/u><\/div>\t\t\t\t\t<\/div>\n\t\t\t\t\t\t<\/div>\n\t\t\t\t<\/div>\n\t\t\t\t\t\t<\/div>\n\t\t\t\t\t<\/div>\n\t\t<\/div>\n\t\t\t\t\t\t\t\t<\/div>\n\t\t\t\t\t<\/div>\n\t\t<\/section>\n\t\t\t\t<section class=\"elementor-section elementor-top-section elementor-element elementor-element-c2fb397 elementor-section-boxed elementor-section-height-default elementor-section-height-default\" data-id=\"c2fb397\" data-element_type=\"section\">\n\t\t\t\t\t\t<div class=\"elementor-container elementor-column-gap-default\">\n\t\t\t\t\t\t\t<div class=\"elementor-row\">\n\t\t\t\t\t<div class=\"elementor-column elementor-col-100 elementor-top-column elementor-element elementor-element-670b028\" data-id=\"670b028\" data-element_type=\"column\">\n\t\t\t<div class=\"elementor-column-wrap elementor-element-populated\">\n\t\t\t\t\t\t\t<div class=\"elementor-widget-wrap\">\n\t\t\t\t\t\t<div class=\"elementor-element elementor-element-0d90e21 elementor-widget elementor-widget-image\" data-id=\"0d90e21\" data-element_type=\"widget\" data-widget_type=\"image.default\">\n\t\t\t\t<div class=\"elementor-widget-container\">\n\t\t\t\t\t\t\t\t<div class=\"elementor-image\">\n\t\t\t\t\t\t\t\t\t\t\t\t<img width=\"338\" height=\"450\" src=\"https:\/\/globetree.se\/wp-content\/uploads\/2023\/03\/StenBlekingeH-1080x1440-1.jpg\" class=\"attachment-medium size-medium wp-image-18423\" alt=\"\" loading=\"lazy\" srcset=\"https:\/\/globetree.se\/wp-content\/uploads\/2023\/03\/StenBlekingeH-1080x1440-1.jpg 1080w, https:\/\/globetree.se\/wp-content\/uploads\/2023\/03\/StenBlekingeH-1080x1440-1-9x12.jpg 9w\" sizes=\"(max-width: 338px) 100vw, 338px\" \/>\t\t\t\t\t\t\t\t\t\t\t\t\t\t<\/div>\n\t\t\t\t\t\t<\/div>\n\t\t\t\t<\/div>\n\t\t\t\t\t\t<\/div>\n\t\t\t\t\t<\/div>\n\t\t<\/div>\n\t\t\t\t\t\t\t\t<\/div>\n\t\t\t\t\t<\/div>\n\t\t<\/section>\n\t\t\t\t<section class=\"elementor-section elementor-top-section elementor-element elementor-element-6c1b35f elementor-section-boxed elementor-section-height-default elementor-section-height-default\" data-id=\"6c1b35f\" data-element_type=\"section\">\n\t\t\t\t\t\t<div class=\"elementor-container elementor-column-gap-default\">\n\t\t\t\t\t\t\t<div class=\"elementor-row\">\n\t\t\t\t\t<div class=\"elementor-column elementor-col-100 elementor-top-column elementor-element elementor-element-8e5ca38\" data-id=\"8e5ca38\" data-element_type=\"column\">\n\t\t\t<div class=\"elementor-column-wrap elementor-element-populated\">\n\t\t\t\t\t\t\t<div class=\"elementor-widget-wrap\">\n\t\t\t\t\t\t<div class=\"elementor-element elementor-element-8747b20 elementor-widget elementor-widget-text-editor\" data-id=\"8747b20\" data-element_type=\"widget\" data-widget_type=\"text-editor.default\">\n\t\t\t\t<div class=\"elementor-widget-container\">\n\t\t\t\t\t\t\t\t<div class=\"elementor-text-editor elementor-clearfix\">\n\t\t\t\t<p style=\"font-weight: 400;\">I am a round, loose block of gneiss granite - i.e. granite turned gneissic - from Blekinge. So, the stone block itself is from Blekinge, from a place called Halle H\u00e5le at H\u00f6rvik on Listerlandet in western Blekinge. I came there with the ice sheet perhaps 12,000 years ago. Maybe running water was also involved in transporting me, and rounding off my forms, or it is the sea waves that did it later. From where in the solid rock that the ice cap took me from is not so easy to know, and I don't know it myself, but it was probably not that far away from where I was found. So in that case I come from the Blekinge bedrock, and I am approximately 1750 million years old.<\/p><p style=\"font-weight: 400;\">The geologists usually call such granite in Blekinge Tving granite, after a place a little north of Karlskrona called Tving, where there is such granite. So I think I'm Tving granite. In that case, I was formed from a magma \u2013 a hot melt of rock \u2013 that pushed up in the earth's crust some 1750 million years ago. It was then that much of the bedrock in Blekinge was formed. As magma I was a bit viscous. Like syrup or so, and couldn't really make it all the way up to the surface of the earth (in that case there would have been a volcanic eruption), but solidified into hard rock several kilometers below the surface of the earth, when the various minerals that I am made of crystallized. If you look closely, you may be able to see the different colored mineral grains that I, the granite, is made up of. Mostly it's light quartz and feldspar, that's why I have such a light color, but there are also some dark dots made up of biotite (also called dark mica), and maybe also hornblende.<\/p><p style=\"font-weight: 400;\">If you look really closely, you may be able to see that the mineral grains, at least on some surfaces, are a little elongated and flattened. This is because I was exposed to pressure and movement in the earth's crust, probably quite soon after I was formed. Maybe these movements were already going on while I was crystallizing, before I was completely solid. So the mineral grains were pulled out and flattened in the same direction, this is what is called gneissic texture, and that's why I'm called gneiss granite.<\/p><p style=\"font-weight: 400;\"><span style=\"font-weight: 400;\">All this happened several kilometers down in the earth's crust, or perhaps rather several tens of kilometers down. Then a very long time passed when not much happened. It was dark and cold (at least compared to when I was a magma) and quite boring for several hundred million years down there in the depths. Slowly, all the mountain above me was eroded away by weather and wind, and most of all perhaps by running water or glacial ice, and I came up closer to the ground. The pressure eased, and one fine day I saw daylight for the first time. How beautiful it was! Then it got very cold, the ice sheet came and laid on top of me several times, and finally it dragged me with it and dumped me in Halle H\u00e5le, where some people came and picked me up and drove me to Stockholm and to this stone circle. So now I'm a representative here for Blekinge, even though I'm not really sure I'm from there to begin with.<\/span><\/p><p><em>Geologist \u00c5ke Johansson<\/em><br \/><em>Swedish Museum of Natural History<\/em><\/p>\t\t\t\t\t<\/div>\n\t\t\t\t\t\t<\/div>\n\t\t\t\t<\/div>\n\t\t\t\t\t\t<\/div>\n\t\t\t\t\t<\/div>\n\t\t<\/div>\n\t\t\t\t\t\t\t\t<\/div>\n\t\t\t\t\t<\/div>\n\t\t<\/section>\n\t\t\t\t<section class=\"elementor-section elementor-top-section elementor-element elementor-element-f06281e elementor-section-boxed elementor-section-height-default elementor-section-height-default\" data-id=\"f06281e\" data-element_type=\"section\">\n\t\t\t\t\t\t<div class=\"elementor-container elementor-column-gap-default\">\n\t\t\t\t\t\t\t<div class=\"elementor-row\">\n\t\t\t\t\t<div class=\"elementor-column elementor-col-100 elementor-top-column elementor-element elementor-element-6981f6d\" data-id=\"6981f6d\" data-element_type=\"column\">\n\t\t\t<div class=\"elementor-column-wrap elementor-element-populated\">\n\t\t\t\t\t\t\t<div class=\"elementor-widget-wrap\">\n\t\t\t\t\t\t<div class=\"elementor-element elementor-element-a5db2de elementor-widget elementor-widget-text-editor\" data-id=\"a5db2de\" data-element_type=\"widget\" data-widget_type=\"text-editor.default\">\n\t\t\t\t<div class=\"elementor-widget-container\">\n\t\t\t\t\t\t\t\t<div class=\"elementor-text-editor elementor-clearfix\">\n\t\t\t\t<p><span style=\"color: #0000ff;\"><a style=\"color: #0000ff;\" href=\"https:\/\/globetree.se\/en\/\">Back to the Stone Circle<\/a><\/span><\/p>\t\t\t\t\t<\/div>\n\t\t\t\t\t\t<\/div>\n\t\t\t\t<\/div>\n\t\t\t\t\t\t<\/div>\n\t\t\t\t\t<\/div>\n\t\t<\/div>\n\t\t\t\t\t\t\t\t<\/div>\n\t\t\t\t\t<\/div>\n\t\t<\/section>\n\t\t\t\t\t\t\t\t\t<\/div>\n\t\t\t<\/div>\n\t\t\t\t\t<\/div>","protected":false},"excerpt":{"rendered":"<p>Blekinge l\u00e4n &#8211; Halle H\u00e5le Gnejsgranit, Halle H\u00e5le, H\u00f6rvik, Blekinge ca 1750 miljoner \u00e5r Jag \u00e4r ett runt l\u00f6st block av gnejsgranit \u2013 allts\u00e5 f\u00f6rgnejsad granit \u2013 fr\u00e5n Blekinge. Allts\u00e5, sj\u00e4lva stenblocket \u00e4r fr\u00e5n Blekinge, fr\u00e5n en plats som kallas Halle H\u00e5le vid H\u00f6rvik p\u00e5 Listerlandet i v\u00e4stra Blekinge. Dit kom jag med inlandsisen f\u00f6r &hellip;<\/p>\n<p class=\"read-more\"> <a class=\"\" href=\"https:\/\/globetree.se\/en\/sten-blekinge\/\"> <span class=\"screen-reader-text\">Sten &#8211; Blekinge<\/span> Read More \u00bb<\/a><\/p>","protected":false},"author":1,"featured_media":0,"parent":0,"menu_order":0,"comment_status":"closed","ping_status":"closed","template":"","meta":{"_uag_custom_page_level_css":"","_mi_skip_tracking":false,"site-sidebar-layout":"default","site-content-layout":"default","ast-main-header-display":"","ast-hfb-above-header-display":"","ast-hfb-below-header-display":"","ast-hfb-mobile-header-display":"","site-post-title":"","ast-breadcrumbs-content":"","ast-featured-img":"","footer-sml-layout":"","theme-transparent-header-meta":"","adv-header-id-meta":"","stick-header-meta":"","header-above-stick-meta":"","header-main-stick-meta":"","header-below-stick-meta":""},"uagb_featured_image_src":{"full":false,"thumbnail":false,"medium":false,"medium_large":false,"large":false,"1536x1536":false,"2048x2048":false,"trp-custom-language-flag":false},"uagb_author_info":{"display_name":"Peroy","author_link":"https:\/\/globetree.se\/en\/author\/peroy\/"},"uagb_comment_info":0,"uagb_excerpt":"Blekinge l\u00e4n &#8211; Halle H\u00e5le Gnejsgranit, Halle H\u00e5le, H\u00f6rvik, Blekinge ca 1750 miljoner \u00e5r Jag \u00e4r ett runt l\u00f6st block av gnejsgranit \u2013 allts\u00e5 f\u00f6rgnejsad granit \u2013 fr\u00e5n Blekinge. Allts\u00e5, sj\u00e4lva stenblocket \u00e4r fr\u00e5n Blekinge, fr\u00e5n en plats som kallas Halle H\u00e5le vid H\u00f6rvik p\u00e5 Listerlandet i v\u00e4stra Blekinge. Dit kom jag med inlandsisen f\u00f6r&hellip;","_links":{"self":[{"href":"https:\/\/globetree.se\/en\/wp-json\/wp\/v2\/pages\/18561"}],"collection":[{"href":"https:\/\/globetree.se\/en\/wp-json\/wp\/v2\/pages"}],"about":[{"href":"https:\/\/globetree.se\/en\/wp-json\/wp\/v2\/types\/page"}],"author":[{"embeddable":true,"href":"https:\/\/globetree.se\/en\/wp-json\/wp\/v2\/users\/1"}],"replies":[{"embeddable":true,"href":"https:\/\/globetree.se\/en\/wp-json\/wp\/v2\/comments?post=18561"}],"version-history":[{"count":43,"href":"https:\/\/globetree.se\/en\/wp-json\/wp\/v2\/pages\/18561\/revisions"}],"predecessor-version":[{"id":19537,"href":"https:\/\/globetree.se\/en\/wp-json\/wp\/v2\/pages\/18561\/revisions\/19537"}],"wp:attachment":[{"href":"https:\/\/globetree.se\/en\/wp-json\/wp\/v2\/media?parent=18561"}],"curies":[{"name":"wp","href":"https:\/\/api.w.org\/{rel}","templated":true}]}}