{"id":18572,"date":"2023-03-23T10:00:13","date_gmt":"2023-03-23T09:00:13","guid":{"rendered":"http:\/\/globetree.se\/?page_id=18572"},"modified":"2023-05-01T22:17:07","modified_gmt":"2023-05-01T20:17:07","slug":"sten-halland","status":"publish","type":"page","link":"https:\/\/globetree.se\/en\/sten-halland\/","title":{"rendered":"Sten &#8211; Halland"},"content":{"rendered":"<div data-elementor-type=\"wp-page\" data-elementor-id=\"18572\" class=\"elementor elementor-18572\">\n\t\t\t\t\t\t<div class=\"elementor-inner\">\n\t\t\t\t<div class=\"elementor-section-wrap\">\n\t\t\t\t\t\t\t\t\t<section class=\"elementor-section elementor-top-section elementor-element elementor-element-41a1728 elementor-section-boxed elementor-section-height-default elementor-section-height-default\" data-id=\"41a1728\" data-element_type=\"section\">\n\t\t\t\t\t\t<div class=\"elementor-container elementor-column-gap-default\">\n\t\t\t\t\t\t\t<div class=\"elementor-row\">\n\t\t\t\t\t<div class=\"elementor-column elementor-col-100 elementor-top-column elementor-element elementor-element-be80107\" data-id=\"be80107\" data-element_type=\"column\">\n\t\t\t<div class=\"elementor-column-wrap elementor-element-populated\">\n\t\t\t\t\t\t\t<div class=\"elementor-widget-wrap\">\n\t\t\t\t\t\t<div class=\"elementor-element elementor-element-be30727 elementor-widget elementor-widget-heading\" data-id=\"be30727\" data-element_type=\"widget\" data-widget_type=\"heading.default\">\n\t\t\t\t<div class=\"elementor-widget-container\">\n\t\t\t<h2 class=\"elementor-heading-title elementor-size-default\">Halland County - Ryd\u00f6bruk<\/h2>\t\t<\/div>\n\t\t\t\t<\/div>\n\t\t\t\t\t\t<\/div>\n\t\t\t\t\t<\/div>\n\t\t<\/div>\n\t\t\t\t\t\t\t\t<\/div>\n\t\t\t\t\t<\/div>\n\t\t<\/section>\n\t\t\t\t<section class=\"elementor-section elementor-top-section elementor-element elementor-element-ee0d80f elementor-section-boxed elementor-section-height-default elementor-section-height-default\" data-id=\"ee0d80f\" data-element_type=\"section\">\n\t\t\t\t\t\t<div class=\"elementor-container elementor-column-gap-default\">\n\t\t\t\t\t\t\t<div class=\"elementor-row\">\n\t\t\t\t\t<div class=\"elementor-column elementor-col-100 elementor-top-column elementor-element elementor-element-0789cc1\" data-id=\"0789cc1\" data-element_type=\"column\">\n\t\t\t<div class=\"elementor-column-wrap elementor-element-populated\">\n\t\t\t\t\t\t\t<div class=\"elementor-widget-wrap\">\n\t\t\t\t\t\t<div class=\"elementor-element elementor-element-b034123 elementor-widget elementor-widget-text-editor\" data-id=\"b034123\" data-element_type=\"widget\" data-widget_type=\"text-editor.default\">\n\t\t\t\t<div class=\"elementor-widget-container\">\n\t\t\t\t\t\t\t\t<div class=\"elementor-text-editor elementor-clearfix\">\n\t\t\t\t<p style=\"font-weight: 400;\"><u>Gneiss granite<br \/>approx. 1700 million years<\/u><\/p>\t\t\t\t\t<\/div>\n\t\t\t\t\t\t<\/div>\n\t\t\t\t<\/div>\n\t\t\t\t\t\t<\/div>\n\t\t\t\t\t<\/div>\n\t\t<\/div>\n\t\t\t\t\t\t\t\t<\/div>\n\t\t\t\t\t<\/div>\n\t\t<\/section>\n\t\t\t\t<section class=\"elementor-section elementor-top-section elementor-element elementor-element-c2fb397 elementor-section-boxed elementor-section-height-default elementor-section-height-default\" data-id=\"c2fb397\" data-element_type=\"section\">\n\t\t\t\t\t\t<div class=\"elementor-container elementor-column-gap-default\">\n\t\t\t\t\t\t\t<div class=\"elementor-row\">\n\t\t\t\t\t<div class=\"elementor-column elementor-col-100 elementor-top-column elementor-element elementor-element-670b028\" data-id=\"670b028\" data-element_type=\"column\">\n\t\t\t<div class=\"elementor-column-wrap elementor-element-populated\">\n\t\t\t\t\t\t\t<div class=\"elementor-widget-wrap\">\n\t\t\t\t\t\t<div class=\"elementor-element elementor-element-0d90e21 elementor-widget elementor-widget-image\" data-id=\"0d90e21\" data-element_type=\"widget\" data-widget_type=\"image.default\">\n\t\t\t\t<div class=\"elementor-widget-container\">\n\t\t\t\t\t\t\t\t<div class=\"elementor-image\">\n\t\t\t\t\t\t\t\t\t\t\t\t<img width=\"338\" height=\"450\" src=\"https:\/\/globetree.se\/wp-content\/uploads\/2023\/03\/StenHallandV-1080x1440-1.jpg\" class=\"attachment-medium size-medium wp-image-18429\" alt=\"\" loading=\"lazy\" srcset=\"https:\/\/globetree.se\/wp-content\/uploads\/2023\/03\/StenHallandV-1080x1440-1.jpg 1080w, https:\/\/globetree.se\/wp-content\/uploads\/2023\/03\/StenHallandV-1080x1440-1-9x12.jpg 9w\" sizes=\"(max-width: 338px) 100vw, 338px\" \/>\t\t\t\t\t\t\t\t\t\t\t\t\t\t<\/div>\n\t\t\t\t\t\t<\/div>\n\t\t\t\t<\/div>\n\t\t\t\t\t\t<\/div>\n\t\t\t\t\t<\/div>\n\t\t<\/div>\n\t\t\t\t\t\t\t\t<\/div>\n\t\t\t\t\t<\/div>\n\t\t<\/section>\n\t\t\t\t<section class=\"elementor-section elementor-top-section elementor-element elementor-element-9ff074a elementor-hidden-desktop elementor-hidden-tablet elementor-hidden-mobile elementor-section-boxed elementor-section-height-default elementor-section-height-default\" data-id=\"9ff074a\" data-element_type=\"section\">\n\t\t\t\t\t\t<div class=\"elementor-container elementor-column-gap-default\">\n\t\t\t\t\t\t\t<div class=\"elementor-row\">\n\t\t\t\t\t<div class=\"elementor-column elementor-col-100 elementor-top-column elementor-element elementor-element-a83284e\" data-id=\"a83284e\" data-element_type=\"column\">\n\t\t\t<div class=\"elementor-column-wrap elementor-element-populated\">\n\t\t\t\t\t\t\t<div class=\"elementor-widget-wrap\">\n\t\t\t\t\t\t<div class=\"elementor-element elementor-element-ea8a1d0 elementor-widget elementor-widget-text-editor\" data-id=\"ea8a1d0\" data-element_type=\"widget\" data-widget_type=\"text-editor.default\">\n\t\t\t\t<div class=\"elementor-widget-container\">\n\t\t\t\t\t\t\t\t<div class=\"elementor-text-editor elementor-clearfix\">\n\t\t\t\t<span style=\"color: #333399;\"><a href=\"https:\/\/globetree.se\/wp-content\/uploads\/2023\/03\/halland_hur_hittade_vi_stenen.pdf\" target=\"_blank\" rel=\"noopener\">Halland ber\u00e4ttar &#8211; Hur hittade vi stenen (pdf)<\/a>\n<\/span>\n<a href=\"https:\/\/youtu.be\/szq7eRiTchE\" target=\"_blank\" rel=\"noopener\">Youtube &#8211; Halland stenens ber\u00e4ttelse<\/a>\n<a href=\"https:\/\/youtu.be\/Ra8ah9NSo9k\" target=\"_blank\" rel=\"noopener\">Youtube &#8211; Barnen utforskar<\/a>\t\t\t\t\t<\/div>\n\t\t\t\t\t\t<\/div>\n\t\t\t\t<\/div>\n\t\t\t\t\t\t<\/div>\n\t\t\t\t\t<\/div>\n\t\t<\/div>\n\t\t\t\t\t\t\t\t<\/div>\n\t\t\t\t\t<\/div>\n\t\t<\/section>\n\t\t\t\t<section class=\"elementor-section elementor-top-section elementor-element elementor-element-6c1b35f elementor-section-boxed elementor-section-height-default elementor-section-height-default\" data-id=\"6c1b35f\" data-element_type=\"section\">\n\t\t\t\t\t\t<div class=\"elementor-container elementor-column-gap-default\">\n\t\t\t\t\t\t\t<div class=\"elementor-row\">\n\t\t\t\t\t<div class=\"elementor-column elementor-col-100 elementor-top-column elementor-element elementor-element-8e5ca38\" data-id=\"8e5ca38\" data-element_type=\"column\">\n\t\t\t<div class=\"elementor-column-wrap elementor-element-populated\">\n\t\t\t\t\t\t\t<div class=\"elementor-widget-wrap\">\n\t\t\t\t\t\t<div class=\"elementor-element elementor-element-8747b20 elementor-widget elementor-widget-text-editor\" data-id=\"8747b20\" data-element_type=\"widget\" data-widget_type=\"text-editor.default\">\n\t\t\t\t<div class=\"elementor-widget-container\">\n\t\t\t\t\t\t\t\t<div class=\"elementor-text-editor elementor-clearfix\">\n\t\t\t\t<p style=\"font-weight: 400;\"><span style=\"font-size: 14px;\">We are two round loose boulders of gneiss granite from Ryd\u00f6bruk northeast of Halmstad in Halland, I am fairly light and fine-grained, my friend is a little coarser and redder in color and very round. Actually, we have come from somewhere further north, with the inland ice and the ice river that followed the present Nissan valley. There we tumbled around and were ground round and fine by the masses of water and by other stones and gravel and sand that came with the ice river when the ice melted. Then we landed at Ryd\u00f6bruk when the ice river opened into the sea. If you look at a geological soil map, you will see that there is a lot of such glacial material - green on the map - around Ryd\u00f6bruk and further upstream and downstream along Nissan.<\/span><\/p><p>Since we are loose stones, it is uncertain where we actually come from in the solid bedrock. Maybe we are from Halland, or we have come from western Sm\u00e5land or even further away from V\u00e4sterg\u00f6tland. Most of the bedrock in this area is roughly the same, and is dominated by gneissic granites that have an age of about 1700 million years. Sweden and Baltica, i.e. what is now northeastern Europe, were included at that time, between 1800 and 1250 million years ago, in a supercontinent usually called Columbia (or Nuna), where most of the continents of the time were gathered. We don't really know what Columbia looked like, but southwestern Sweden must have been close to its edge facing the ocean, because there was a lot of geological activity here throughout this time: volcanic eruptions, and magma that intruded at depth and solidified as granite or gabbro or something in between, and recurring transformations and deformation of the bedrock. It was like being at the edge of the Pacific Ocean today!<\/p><p><img loading=\"lazy\" class=\"size-full wp-image-19438\" src=\"https:\/\/globetree.se\/wp-content\/uploads\/2023\/03\/Hallandsten-stencirkel_med_barn.jpg\" alt=\"\" width=\"1080\" height=\"720\" srcset=\"https:\/\/globetree.se\/wp-content\/uploads\/2023\/03\/Hallandsten-stencirkel_med_barn.jpg 1080w, https:\/\/globetree.se\/wp-content\/uploads\/2023\/03\/Hallandsten-stencirkel_med_barn-18x12.jpg 18w\" sizes=\"(max-width: 1080px) 100vw, 1080px\" \/><\/p><p style=\"font-weight: 400;\">So most of the gneisses in Halland and adjacent parts of northern Sk\u00e5ne, western Sm\u00e5land and southern V\u00e4sterg\u00f6tland, the southern part of what the geologists call the \"Eastern segment of the Sveconorvegian province\" (I know, a long and complicated name, geologists like that) are about 1700 million years old, and were originally granites or related rocks that intruded into the Earth's crust as hot glowing magmas\u2014rock melts\u2014that solidified. Some of the gneisses may also have been volcanic or sedimentary rocks deposited on the surface at about the same time. A gneiss is a striped or banded metamorphic rock, i.e. a rock that has been transformed at high pressure and high temperature deep down in the earth's crust. Often, geologists can have a hard time determining what the gneiss was originally, before it was transformed into gneiss. It may have been a granite or a similar intrusive rock, or a volcanic rock, or a sedimentary rock, it is not always so clearly visible, and may require detailed investigations to determine. We gneisses are a little secretive of us. My smaller friend next to me probably looks more granitic than I do, with his content of coarser dark minerals; I myself am quite light and fine-grained and anonymous in appearance. But nowadays the geologists believe that most of the gneisses in this area have been granites, so then we can call ourselves gneiss granites or granitic gneisses.<\/p><p style=\"font-weight: 400;\">We have been exposed to transformation - metamorphism - and deformation deep down in the earth's crust several times, both about 1450 and about 1000 million years ago, when the Sveconorvegian mountain chain was formed. So we have a very long and complicated history behind us. After the Sveconorvegian mountain range was eroded away, maybe 600 million years ago, we came up close to the earth's surface and could exhale and breathe some fresh air (just kidding, we rocks don't need to breathe any air at all, we're not like animals and humans) . As with the Bohus granite further north, Halland gneiss is mined along the coast and sold as building stone for various purposes. The beautiful veined gneiss can be worked in different ways \u2013 cross-hammered, flamed, ground, polished \u2013 giving different looks.<\/p><p style=\"font-weight: 400;\"><em>Geologist \u00c5ke Johansson<\/em><em><br \/><\/em><em>Swedish Museum of Natural History<\/em><\/p>\t\t\t\t\t<\/div>\n\t\t\t\t\t\t<\/div>\n\t\t\t\t<\/div>\n\t\t\t\t\t\t<\/div>\n\t\t\t\t\t<\/div>\n\t\t<\/div>\n\t\t\t\t\t\t\t\t<\/div>\n\t\t\t\t\t<\/div>\n\t\t<\/section>\n\t\t\t\t<section class=\"elementor-section elementor-top-section elementor-element elementor-element-ff49070 elementor-hidden-desktop elementor-hidden-tablet elementor-hidden-mobile elementor-section-boxed elementor-section-height-default elementor-section-height-default\" data-id=\"ff49070\" data-element_type=\"section\">\n\t\t\t\t\t\t<div class=\"elementor-container elementor-column-gap-default\">\n\t\t\t\t\t\t\t<div class=\"elementor-row\">\n\t\t\t\t\t<div class=\"elementor-column elementor-col-100 elementor-top-column elementor-element elementor-element-1464964\" data-id=\"1464964\" data-element_type=\"column\">\n\t\t\t<div class=\"elementor-column-wrap elementor-element-populated\">\n\t\t\t\t\t\t\t<div class=\"elementor-widget-wrap\">\n\t\t\t\t\t\t<div class=\"elementor-element elementor-element-7e00c48 elementor-widget elementor-widget-text-editor\" data-id=\"7e00c48\" data-element_type=\"widget\" data-widget_type=\"text-editor.default\">\n\t\t\t\t<div class=\"elementor-widget-container\">\n\t\t\t\t\t\t\t\t<div class=\"elementor-text-editor elementor-clearfix\">\n\t\t\t\t<div class=\"page\" title=\"Page 1\"><div class=\"layoutArea\"><div class=\"column\"><h2 style=\"text-align: center;\">Folktro och sa\u0308gner om Knysthall<\/h2><\/div><\/div><div class=\"layoutArea\"><div class=\"column\"><p>\u201dFo\u0308r la\u0308ngesedan fanns det en ja\u0308tte som bodde i Torup. Varje so\u0308ndag fick han ont i o\u0308ronen av klockorna som han ho\u0308rde ringa fra\u030an La\u030angaryds kyrka. En so\u0308ndag fick han nog och tog upp en va\u0308ldig sten ur marken, vilken han kastade i riktning mot oljudet.<\/p><\/div><\/div><\/div>\t\t\t\t\t<\/div>\n\t\t\t\t\t\t<\/div>\n\t\t\t\t<\/div>\n\t\t\t\t<div class=\"elementor-element elementor-element-df66aaf elementor-widget elementor-widget-image\" data-id=\"df66aaf\" data-element_type=\"widget\" data-widget_type=\"image.default\">\n\t\t\t\t<div class=\"elementor-widget-container\">\n\t\t\t\t\t\t\t\t<div class=\"elementor-image\">\n\t\t\t\t\t\t\t\t\t\t\t\t<img width=\"787\" height=\"525\" src=\"https:\/\/globetree.se\/wp-content\/uploads\/2023\/03\/2022-04-29-Hallandbarn.jpg\" class=\"attachment-full size-full wp-image-19431\" alt=\"\" loading=\"lazy\" srcset=\"https:\/\/globetree.se\/wp-content\/uploads\/2023\/03\/2022-04-29-Hallandbarn.jpg 787w, https:\/\/globetree.se\/wp-content\/uploads\/2023\/03\/2022-04-29-Hallandbarn-18x12.jpg 18w\" sizes=\"(max-width: 787px) 100vw, 787px\" \/>\t\t\t\t\t\t\t\t\t\t\t\t\t\t<\/div>\n\t\t\t\t\t\t<\/div>\n\t\t\t\t<\/div>\n\t\t\t\t\t\t<\/div>\n\t\t\t\t\t<\/div>\n\t\t<\/div>\n\t\t\t\t\t\t\t\t<\/div>\n\t\t\t\t\t<\/div>\n\t\t<\/section>\n\t\t\t\t<section class=\"elementor-section elementor-top-section elementor-element elementor-element-51ab0f2 elementor-hidden-desktop elementor-hidden-tablet elementor-hidden-mobile elementor-section-boxed elementor-section-height-default elementor-section-height-default\" data-id=\"51ab0f2\" data-element_type=\"section\">\n\t\t\t\t\t\t<div class=\"elementor-container elementor-column-gap-default\">\n\t\t\t\t\t\t\t<div class=\"elementor-row\">\n\t\t\t\t\t<div class=\"elementor-column elementor-col-100 elementor-top-column elementor-element elementor-element-fe671e1\" data-id=\"fe671e1\" data-element_type=\"column\">\n\t\t\t<div class=\"elementor-column-wrap elementor-element-populated\">\n\t\t\t\t\t\t\t<div class=\"elementor-widget-wrap\">\n\t\t\t\t\t\t<div class=\"elementor-element elementor-element-3c8ea41 elementor-widget elementor-widget-text-editor\" data-id=\"3c8ea41\" data-element_type=\"widget\" data-widget_type=\"text-editor.default\">\n\t\t\t\t<div class=\"elementor-widget-container\">\n\t\t\t\t\t\t\t\t<div class=\"elementor-text-editor elementor-clearfix\">\n\t\t\t\t<div class=\"page\" title=\"Page 1\"><div class=\"layoutArea\"><div class=\"column\">\u00a0<\/div><\/div><div class=\"layoutArea\"><div class=\"column\"><p>Han hade dock missbedo\u0308mt sin styrka. Stenen flo\u0308g i va\u0308g endast 4 kilometer, i sta\u0308llet fo\u0308r de tva\u030a mil som det var till kyrkan, och landade da\u0308rfo\u0308r mitt i Rydo\u0308bruks samha\u0308lle.<\/p><p>(Denna sa\u0308gen, vilken i denna version verkar uppsta\u030att senast pa\u030a 1800-talet, har sitt ursprung i en rad liknande \u201dja\u0308tten kastade en sten mot klockringningen\u201d som finns spridda o\u0308ver hela landet. En gammal bena\u0308mning pa\u030a flyttblock a\u0308r ocksa\u030a \u201dja\u0308ttekast\u201d. Det a\u0308r fo\u0308rst mot senare ha\u0308lften av 1800-talet som det gick upp fo\u0308r sin tids geologer att flyttblocken i landskapet var resultat fra\u030an en avla\u0308gsen istid.)<\/p><p>\u201dStenen vrider lite pa\u030a sig, varje ga\u030ang den ka\u0308nner doften av nybakt bro\u0308d.<br \/>(Ett talesa\u0308tt om Knystahall som var allma\u0308nt fo\u0308rekommande under hela 1900-talet.)<\/p><p>\u201dDet a\u0308r nycklar. Om man lyckas vrida om dem o\u0308ppnar sig stenen. Da\u030a finns det en prinsessa och en prins da\u0308rinne.<\/p><p>\u201dJag har ho\u0308rt att det finns zombies.<\/p><p>(Nutida barn i Rydo\u0308bruk pratar om varfo\u0308r det finns ja\u0308rntenar med o\u0308glor instuckna i det stora stenblocket).<\/p><\/div><\/div><\/div>\t\t\t\t\t<\/div>\n\t\t\t\t\t\t<\/div>\n\t\t\t\t<\/div>\n\t\t\t\t\t\t<\/div>\n\t\t\t\t\t<\/div>\n\t\t<\/div>\n\t\t\t\t\t\t\t\t<\/div>\n\t\t\t\t\t<\/div>\n\t\t<\/section>\n\t\t\t\t<section class=\"elementor-section elementor-top-section elementor-element elementor-element-4093bf2 elementor-hidden-desktop elementor-hidden-tablet elementor-hidden-mobile elementor-section-boxed elementor-section-height-default elementor-section-height-default\" data-id=\"4093bf2\" data-element_type=\"section\">\n\t\t\t\t\t\t<div class=\"elementor-container elementor-column-gap-default\">\n\t\t\t\t\t\t\t<div class=\"elementor-row\">\n\t\t\t\t\t<div class=\"elementor-column elementor-col-100 elementor-top-column elementor-element elementor-element-42648d3\" data-id=\"42648d3\" data-element_type=\"column\">\n\t\t\t<div class=\"elementor-column-wrap elementor-element-populated\">\n\t\t\t\t\t\t\t<div class=\"elementor-widget-wrap\">\n\t\t\t\t\t\t<div class=\"elementor-element elementor-element-7f6bf98 elementor-widget elementor-widget-video\" data-id=\"7f6bf98\" data-element_type=\"widget\" data-settings=\"{&quot;video_type&quot;:&quot;vimeo&quot;}\" data-widget_type=\"video.default\">\n\t\t\t\t<div class=\"elementor-widget-container\">\n\t\t\t\t\t<div class=\"elementor-wrapper elementor-open-inline\">\n\t\t\t<iframe class=\"elementor-video-iframe\" allowfullscreen title=\"vimeo Video Player\" src=\"https:\/\/player.vimeo.com\/video\/812006236?color&amp;autopause=0&amp;loop=0&amp;muted=0&amp;title=1&amp;portrait=1&amp;byline=1#t=\"><\/iframe>\t\t<\/div>\n\t\t\t\t<\/div>\n\t\t\t\t<\/div>\n\t\t\t\t\t\t<\/div>\n\t\t\t\t\t<\/div>\n\t\t<\/div>\n\t\t\t\t\t\t\t\t<\/div>\n\t\t\t\t\t<\/div>\n\t\t<\/section>\n\t\t\t\t<section class=\"elementor-section elementor-top-section elementor-element elementor-element-049b289 elementor-section-boxed elementor-section-height-default elementor-section-height-default\" data-id=\"049b289\" data-element_type=\"section\">\n\t\t\t\t\t\t<div class=\"elementor-container elementor-column-gap-default\">\n\t\t\t\t\t\t\t<div class=\"elementor-row\">\n\t\t\t\t\t<div class=\"elementor-column elementor-col-100 elementor-top-column elementor-element elementor-element-9a3795b\" data-id=\"9a3795b\" data-element_type=\"column\">\n\t\t\t<div class=\"elementor-column-wrap elementor-element-populated\">\n\t\t\t\t\t\t\t<div class=\"elementor-widget-wrap\">\n\t\t\t\t\t\t<div class=\"elementor-element elementor-element-2b9ea20 elementor-widget elementor-widget-text-editor\" data-id=\"2b9ea20\" data-element_type=\"widget\" data-widget_type=\"text-editor.default\">\n\t\t\t\t<div class=\"elementor-widget-container\">\n\t\t\t\t\t\t\t\t<div class=\"elementor-text-editor elementor-clearfix\">\n\t\t\t\t<p><span style=\"color: #0000ff;\"><a style=\"color: #0000ff;\" href=\"https:\/\/globetree.se\/en\/\">Back to the Stone Circle<\/a><\/span><\/p>\t\t\t\t\t<\/div>\n\t\t\t\t\t\t<\/div>\n\t\t\t\t<\/div>\n\t\t\t\t\t\t<\/div>\n\t\t\t\t\t<\/div>\n\t\t<\/div>\n\t\t\t\t\t\t\t\t<\/div>\n\t\t\t\t\t<\/div>\n\t\t<\/section>\n\t\t\t\t\t\t\t\t\t<\/div>\n\t\t\t<\/div>\n\t\t\t\t\t<\/div>","protected":false},"excerpt":{"rendered":"<p>Hallands l\u00e4n &#8211; Ryd\u00f6bruk Gnejsgranitca 1700 miljoner \u00e5r Halland ber\u00e4ttar &#8211; Hur hittade vi stenen (pdf) Youtube &#8211; Halland stenens ber\u00e4ttelse Youtube &#8211; Barnen utforskar Vi \u00e4r tv\u00e5 runda l\u00f6sa stenblock av gnejsgranit fr\u00e5n Ryd\u00f6bruk nord\u00f6st om Halmstad i Halland, jag \u00e4r r\u00e4tt ljus och finkornig, min kompis \u00e4r lite gr\u00f6vre och r\u00f6dare i f\u00e4rgen &hellip;<\/p>\n<p class=\"read-more\"> <a class=\"\" href=\"https:\/\/globetree.se\/en\/sten-halland\/\"> <span class=\"screen-reader-text\">Sten &#8211; Halland<\/span> Read More \u00bb<\/a><\/p>","protected":false},"author":1,"featured_media":0,"parent":0,"menu_order":0,"comment_status":"closed","ping_status":"closed","template":"","meta":{"_uag_custom_page_level_css":"","_mi_skip_tracking":false,"site-sidebar-layout":"default","site-content-layout":"default","ast-main-header-display":"","ast-hfb-above-header-display":"","ast-hfb-below-header-display":"","ast-hfb-mobile-header-display":"","site-post-title":"","ast-breadcrumbs-content":"","ast-featured-img":"","footer-sml-layout":"","theme-transparent-header-meta":"","adv-header-id-meta":"","stick-header-meta":"","header-above-stick-meta":"","header-main-stick-meta":"","header-below-stick-meta":""},"uagb_featured_image_src":{"full":false,"thumbnail":false,"medium":false,"medium_large":false,"large":false,"1536x1536":false,"2048x2048":false,"trp-custom-language-flag":false},"uagb_author_info":{"display_name":"Peroy","author_link":"https:\/\/globetree.se\/en\/author\/peroy\/"},"uagb_comment_info":0,"uagb_excerpt":"Hallands l\u00e4n &#8211; Ryd\u00f6bruk Gnejsgranitca 1700 miljoner \u00e5r Halland ber\u00e4ttar &#8211; Hur hittade vi stenen (pdf) Youtube &#8211; Halland stenens ber\u00e4ttelse Youtube &#8211; Barnen utforskar Vi \u00e4r tv\u00e5 runda l\u00f6sa stenblock av gnejsgranit fr\u00e5n Ryd\u00f6bruk nord\u00f6st om Halmstad i Halland, jag \u00e4r r\u00e4tt ljus och finkornig, min kompis \u00e4r lite gr\u00f6vre och r\u00f6dare i f\u00e4rgen&hellip;","_links":{"self":[{"href":"https:\/\/globetree.se\/en\/wp-json\/wp\/v2\/pages\/18572"}],"collection":[{"href":"https:\/\/globetree.se\/en\/wp-json\/wp\/v2\/pages"}],"about":[{"href":"https:\/\/globetree.se\/en\/wp-json\/wp\/v2\/types\/page"}],"author":[{"embeddable":true,"href":"https:\/\/globetree.se\/en\/wp-json\/wp\/v2\/users\/1"}],"replies":[{"embeddable":true,"href":"https:\/\/globetree.se\/en\/wp-json\/wp\/v2\/comments?post=18572"}],"version-history":[{"count":97,"href":"https:\/\/globetree.se\/en\/wp-json\/wp\/v2\/pages\/18572\/revisions"}],"predecessor-version":[{"id":19606,"href":"https:\/\/globetree.se\/en\/wp-json\/wp\/v2\/pages\/18572\/revisions\/19606"}],"wp:attachment":[{"href":"https:\/\/globetree.se\/en\/wp-json\/wp\/v2\/media?parent=18572"}],"curies":[{"name":"wp","href":"https:\/\/api.w.org\/{rel}","templated":true}]}}