{"id":18578,"date":"2023-03-23T18:08:20","date_gmt":"2023-03-23T17:08:20","guid":{"rendered":"http:\/\/globetree.se\/?page_id=18578"},"modified":"2023-03-26T12:37:04","modified_gmt":"2023-03-26T10:37:04","slug":"sten-vastragotaland","status":"publish","type":"page","link":"https:\/\/globetree.se\/en\/sten-vastragotaland\/","title":{"rendered":"Sten &#8211; V\u00e4stra G\u00f6taland"},"content":{"rendered":"<div data-elementor-type=\"wp-page\" data-elementor-id=\"18578\" class=\"elementor elementor-18578\">\n\t\t\t\t\t\t<div class=\"elementor-inner\">\n\t\t\t\t<div class=\"elementor-section-wrap\">\n\t\t\t\t\t\t\t\t\t<section class=\"elementor-section elementor-top-section elementor-element elementor-element-41a1728 elementor-section-boxed elementor-section-height-default elementor-section-height-default\" data-id=\"41a1728\" data-element_type=\"section\">\n\t\t\t\t\t\t<div class=\"elementor-container elementor-column-gap-default\">\n\t\t\t\t\t\t\t<div class=\"elementor-row\">\n\t\t\t\t\t<div class=\"elementor-column elementor-col-100 elementor-top-column elementor-element elementor-element-be80107\" data-id=\"be80107\" data-element_type=\"column\">\n\t\t\t<div class=\"elementor-column-wrap elementor-element-populated\">\n\t\t\t\t\t\t\t<div class=\"elementor-widget-wrap\">\n\t\t\t\t\t\t<div class=\"elementor-element elementor-element-be30727 elementor-widget elementor-widget-heading\" data-id=\"be30727\" data-element_type=\"widget\" data-widget_type=\"heading.default\">\n\t\t\t\t<div class=\"elementor-widget-container\">\n\t\t\t<h2 class=\"elementor-heading-title elementor-size-default\">V\u00e4stra G\u00f6taland County<\/h2>\t\t<\/div>\n\t\t\t\t<\/div>\n\t\t\t\t\t\t<\/div>\n\t\t\t\t\t<\/div>\n\t\t<\/div>\n\t\t\t\t\t\t\t\t<\/div>\n\t\t\t\t\t<\/div>\n\t\t<\/section>\n\t\t\t\t<section class=\"elementor-section elementor-top-section elementor-element elementor-element-ee0d80f elementor-section-boxed elementor-section-height-default elementor-section-height-default\" data-id=\"ee0d80f\" data-element_type=\"section\">\n\t\t\t\t\t\t<div class=\"elementor-container elementor-column-gap-default\">\n\t\t\t\t\t\t\t<div class=\"elementor-row\">\n\t\t\t\t\t<div class=\"elementor-column elementor-col-100 elementor-top-column elementor-element elementor-element-0789cc1\" data-id=\"0789cc1\" data-element_type=\"column\">\n\t\t\t<div class=\"elementor-column-wrap elementor-element-populated\">\n\t\t\t\t\t\t\t<div class=\"elementor-widget-wrap\">\n\t\t\t\t\t\t<div class=\"elementor-element elementor-element-b034123 elementor-widget elementor-widget-text-editor\" data-id=\"b034123\" data-element_type=\"widget\" data-widget_type=\"text-editor.default\">\n\t\t\t\t<div class=\"elementor-widget-container\">\n\t\t\t\t\t\t\t\t<div class=\"elementor-text-editor elementor-clearfix\">\n\t\t\t\t<p style=\"font-weight: 400;\"><u>Bohus granite, Hallinden<br> approx. 920 million years<\/u><\/p>\t\t\t\t\t<\/div>\n\t\t\t\t\t\t<\/div>\n\t\t\t\t<\/div>\n\t\t\t\t\t\t<\/div>\n\t\t\t\t\t<\/div>\n\t\t<\/div>\n\t\t\t\t\t\t\t\t<\/div>\n\t\t\t\t\t<\/div>\n\t\t<\/section>\n\t\t\t\t<section class=\"elementor-section elementor-top-section elementor-element elementor-element-c2fb397 elementor-section-boxed elementor-section-height-default elementor-section-height-default\" data-id=\"c2fb397\" data-element_type=\"section\">\n\t\t\t\t\t\t<div class=\"elementor-container elementor-column-gap-default\">\n\t\t\t\t\t\t\t<div class=\"elementor-row\">\n\t\t\t\t\t<div class=\"elementor-column elementor-col-100 elementor-top-column elementor-element elementor-element-670b028\" data-id=\"670b028\" data-element_type=\"column\">\n\t\t\t<div class=\"elementor-column-wrap elementor-element-populated\">\n\t\t\t\t\t\t\t<div class=\"elementor-widget-wrap\">\n\t\t\t\t\t\t<div class=\"elementor-element elementor-element-0d90e21 elementor-widget elementor-widget-image\" data-id=\"0d90e21\" data-element_type=\"widget\" data-widget_type=\"image.default\">\n\t\t\t\t<div class=\"elementor-widget-container\">\n\t\t\t\t\t\t\t\t<div class=\"elementor-image\">\n\t\t\t\t\t\t\t\t\t\t\t\t<img width=\"338\" height=\"450\" src=\"https:\/\/globetree.se\/wp-content\/uploads\/2023\/03\/StenVastraGotalandV-1080x1440-1.jpg\" class=\"attachment-medium size-medium wp-image-18446\" alt=\"\" loading=\"lazy\" srcset=\"https:\/\/globetree.se\/wp-content\/uploads\/2023\/03\/StenVastraGotalandV-1080x1440-1.jpg 1080w, https:\/\/globetree.se\/wp-content\/uploads\/2023\/03\/StenVastraGotalandV-1080x1440-1-9x12.jpg 9w\" sizes=\"(max-width: 338px) 100vw, 338px\" \/>\t\t\t\t\t\t\t\t\t\t\t\t\t\t<\/div>\n\t\t\t\t\t\t<\/div>\n\t\t\t\t<\/div>\n\t\t\t\t\t\t<\/div>\n\t\t\t\t\t<\/div>\n\t\t<\/div>\n\t\t\t\t\t\t\t\t<\/div>\n\t\t\t\t\t<\/div>\n\t\t<\/section>\n\t\t\t\t<section class=\"elementor-section elementor-top-section elementor-element elementor-element-6c1b35f elementor-section-boxed elementor-section-height-default elementor-section-height-default\" data-id=\"6c1b35f\" data-element_type=\"section\">\n\t\t\t\t\t\t<div class=\"elementor-container elementor-column-gap-default\">\n\t\t\t\t\t\t\t<div class=\"elementor-row\">\n\t\t\t\t\t<div class=\"elementor-column elementor-col-100 elementor-top-column elementor-element elementor-element-8e5ca38\" data-id=\"8e5ca38\" data-element_type=\"column\">\n\t\t\t<div class=\"elementor-column-wrap elementor-element-populated\">\n\t\t\t\t\t\t\t<div class=\"elementor-widget-wrap\">\n\t\t\t\t\t\t<div class=\"elementor-element elementor-element-8747b20 elementor-widget elementor-widget-text-editor\" data-id=\"8747b20\" data-element_type=\"widget\" data-widget_type=\"text-editor.default\">\n\t\t\t\t<div class=\"elementor-widget-container\">\n\t\t\t\t\t\t\t\t<div class=\"elementor-text-editor elementor-clearfix\">\n\t\t\t\t<p style=\"font-weight: 400;\">I am a block of Bohus granite from the Hallinden quarry in Bohusl\u00e4n. The Bohus granite covers almost the whole of northern Bohusl\u00e4n, from Lysekil and northwards, and is Bohusl\u00e4n's landscape stone, but here in the stone circle I represent the entire county of V\u00e4stra G\u00f6taland. You may have been on holiday in northern Bohusl\u00e4n, or even come from there, and then you must have noticed the rounded outcrops of ligth red granite that dominate the landscape there. They are the Bohus granite.<\/p><p style=\"font-weight: 400;\">I was formed about 920 million years ago, from a hot magma, a rock melt, that intruded the earth's crust and solidified, just like the other granites here in the stone circle. I am actually the youngest granite in the stone circle, and in all of Sweden, although I am not the youngest stone in the stone circle. But the stones that are younger are not granites.<\/p><p style=\"font-weight: 400;\">The geologists believe that I have the shape of a huge flat sheet in the bedrock, which covers the whole of northern Bohusl\u00e4n. I actually continue north of the Idefjorden into Norway, but there I am called Idefjord granite. Like other granites, I consist of a mixture of different minerals: light quartz, white or reddish feldspar, and black biotite and hornblende. There are small amounts of several other minerals as well, such as titanite, apatite and zircon, but these you usually have to have a microscope to see, because those mineral grains are so small and not so common. The mineral grains form a grey-white or red-white mottled mass, so that granite looks a bit like salami (\u201cprickig korv\u201d in Swedish). The light Bohus granite is quite fine-grained, while some of the other granites here in the stone circle are more coarse-grained, the Nordingr\u00e5 granite for example.<\/p><p style=\"font-weight: 400;\">I was formed at the end of a mountainbuilding event called the Sveconorwegian, because it included parts of Sweden and Norway (southwestern Sweden and southern Norway). It occurred between 1100 and 900 million years ago, so when I intruded, 920 million years ago, it was right at the end. Now this mountain range is completely eroded away, and that is why you can see me at the surface of the earth, since all the overlying rock has been eroded away and gone. This mountainbuilding event is thought to be due to Scandinavia and all of Baltica (northeastern Europe) colliding with eastern North America at this time. In eastern Canada and the United States there is a corresponding event of the same age. Baltica and North America and most of the other continents of the Earth then became parts of a supercontinent called Rodinia. Exactly what Rodinia looked like and where it was located is not known. After about 300 million years, Rodinia broke up, and Baltica separated from North America again.<\/p><p style=\"font-weight: 400;\">My particular block of stone comes from a quarry - Hallinden northeast of Kungshamn - where Bohus granite is quarried. The Bohus granite is homogeneous and good and easily splits into square blocks, and is therefore well suited for quarrying and use as building stone, curbstone and paving stone. It was at the end of the 19th century that granite began to be quarried on a large scale along the coast in northern Bohusl\u00e4n, when the cities grew and a lot of stone was needed to build with, and when new tools and machines made it possible to blast and saw the hard granite on a large scale. And it was good that the quarries were on the coast, so that the heavy stones could be transported by boat to where they were needed. For perhaps a hundred years, quarrying was an important industry that employed many people in northern Bohusl\u00e4n, those who did not fish or were farmers. Now many quarries are closed, and those that remain, such as Hallinden, do not employ so many people anymore, because machines do most of the heavy work nowadays.<\/p><p style=\"font-weight: 400;\"><em>Geologist \u00c5ke Johansson<\/em><em><br \/><\/em><em>Swedish Museum of Natural History<\/em><\/p>\t\t\t\t\t<\/div>\n\t\t\t\t\t\t<\/div>\n\t\t\t\t<\/div>\n\t\t\t\t\t\t<\/div>\n\t\t\t\t\t<\/div>\n\t\t<\/div>\n\t\t\t\t\t\t\t\t<\/div>\n\t\t\t\t\t<\/div>\n\t\t<\/section>\n\t\t\t\t<section class=\"elementor-section elementor-top-section elementor-element elementor-element-5405f24 elementor-section-boxed elementor-section-height-default elementor-section-height-default\" data-id=\"5405f24\" data-element_type=\"section\">\n\t\t\t\t\t\t<div class=\"elementor-container elementor-column-gap-default\">\n\t\t\t\t\t\t\t<div class=\"elementor-row\">\n\t\t\t\t\t<div class=\"elementor-column elementor-col-100 elementor-top-column elementor-element elementor-element-07dbdb3\" data-id=\"07dbdb3\" data-element_type=\"column\">\n\t\t\t<div class=\"elementor-column-wrap elementor-element-populated\">\n\t\t\t\t\t\t\t<div class=\"elementor-widget-wrap\">\n\t\t\t\t\t\t<div class=\"elementor-element elementor-element-eb8604d elementor-widget elementor-widget-text-editor\" data-id=\"eb8604d\" data-element_type=\"widget\" data-widget_type=\"text-editor.default\">\n\t\t\t\t<div class=\"elementor-widget-container\">\n\t\t\t\t\t\t\t\t<div class=\"elementor-text-editor elementor-clearfix\">\n\t\t\t\t<p><span style=\"color: #0000ff;\"><a style=\"color: #0000ff;\" href=\"https:\/\/globetree.se\/en\/\">Back to the Stone Circle<\/a><\/span><\/p>\t\t\t\t\t<\/div>\n\t\t\t\t\t\t<\/div>\n\t\t\t\t<\/div>\n\t\t\t\t\t\t<\/div>\n\t\t\t\t\t<\/div>\n\t\t<\/div>\n\t\t\t\t\t\t\t\t<\/div>\n\t\t\t\t\t<\/div>\n\t\t<\/section>\n\t\t\t\t\t\t\t\t\t<\/div>\n\t\t\t<\/div>\n\t\t\t\t\t<\/div>","protected":false},"excerpt":{"rendered":"<p>V\u00e4stra G\u00f6talands L\u00e4n Bohusgranit, Hallinden ca 920 miljoner \u00e5r Jag \u00e4r ett block av Bohusgranit fr\u00e5n Hallindens stenbrott i Bohusl\u00e4n. Bohusgraniten t\u00e4cker n\u00e4stan hela norra Bohusl\u00e4n, fr\u00e5n Lysekil och norrut, och \u00e4r Bohusl\u00e4ns landskapssten, men h\u00e4r i stencirkeln har jag f\u00e5tt representera hela V\u00e4stra G\u00f6talands l\u00e4n. Du kanske har varit p\u00e5 semester i norra Bohusl\u00e4n, &hellip;<\/p>\n<p class=\"read-more\"> <a class=\"\" href=\"https:\/\/globetree.se\/en\/sten-vastragotaland\/\"> <span class=\"screen-reader-text\">Sten &#8211; V\u00e4stra G\u00f6taland<\/span> Read More \u00bb<\/a><\/p>","protected":false},"author":1,"featured_media":0,"parent":0,"menu_order":0,"comment_status":"closed","ping_status":"closed","template":"","meta":{"_uag_custom_page_level_css":"","_mi_skip_tracking":false,"site-sidebar-layout":"default","site-content-layout":"default","ast-main-header-display":"","ast-hfb-above-header-display":"","ast-hfb-below-header-display":"","ast-hfb-mobile-header-display":"","site-post-title":"","ast-breadcrumbs-content":"","ast-featured-img":"","footer-sml-layout":"","theme-transparent-header-meta":"","adv-header-id-meta":"","stick-header-meta":"","header-above-stick-meta":"","header-main-stick-meta":"","header-below-stick-meta":""},"uagb_featured_image_src":{"full":false,"thumbnail":false,"medium":false,"medium_large":false,"large":false,"1536x1536":false,"2048x2048":false,"trp-custom-language-flag":false},"uagb_author_info":{"display_name":"Peroy","author_link":"https:\/\/globetree.se\/en\/author\/peroy\/"},"uagb_comment_info":0,"uagb_excerpt":"V\u00e4stra G\u00f6talands L\u00e4n Bohusgranit, Hallinden ca 920 miljoner \u00e5r Jag \u00e4r ett block av Bohusgranit fr\u00e5n Hallindens stenbrott i Bohusl\u00e4n. Bohusgraniten t\u00e4cker n\u00e4stan hela norra Bohusl\u00e4n, fr\u00e5n Lysekil och norrut, och \u00e4r Bohusl\u00e4ns landskapssten, men h\u00e4r i stencirkeln har jag f\u00e5tt representera hela V\u00e4stra G\u00f6talands l\u00e4n. Du kanske har varit p\u00e5 semester i norra Bohusl\u00e4n,&hellip;","_links":{"self":[{"href":"https:\/\/globetree.se\/en\/wp-json\/wp\/v2\/pages\/18578"}],"collection":[{"href":"https:\/\/globetree.se\/en\/wp-json\/wp\/v2\/pages"}],"about":[{"href":"https:\/\/globetree.se\/en\/wp-json\/wp\/v2\/types\/page"}],"author":[{"embeddable":true,"href":"https:\/\/globetree.se\/en\/wp-json\/wp\/v2\/users\/1"}],"replies":[{"embeddable":true,"href":"https:\/\/globetree.se\/en\/wp-json\/wp\/v2\/comments?post=18578"}],"version-history":[{"count":16,"href":"https:\/\/globetree.se\/en\/wp-json\/wp\/v2\/pages\/18578\/revisions"}],"predecessor-version":[{"id":19275,"href":"https:\/\/globetree.se\/en\/wp-json\/wp\/v2\/pages\/18578\/revisions\/19275"}],"wp:attachment":[{"href":"https:\/\/globetree.se\/en\/wp-json\/wp\/v2\/media?parent=18578"}],"curies":[{"name":"wp","href":"https:\/\/api.w.org\/{rel}","templated":true}]}}