{"id":18582,"date":"2023-03-23T10:00:00","date_gmt":"2023-03-23T09:00:00","guid":{"rendered":"http:\/\/globetree.se\/?page_id=18582"},"modified":"2023-03-26T13:42:34","modified_gmt":"2023-03-26T11:42:34","slug":"sten-kalmar","status":"publish","type":"page","link":"https:\/\/globetree.se\/en\/sten-kalmar\/","title":{"rendered":"Sten &#8211; Kalmar"},"content":{"rendered":"<div data-elementor-type=\"wp-page\" data-elementor-id=\"18582\" class=\"elementor elementor-18582\">\n\t\t\t\t\t\t<div class=\"elementor-inner\">\n\t\t\t\t<div class=\"elementor-section-wrap\">\n\t\t\t\t\t\t\t\t\t<section class=\"elementor-section elementor-top-section elementor-element elementor-element-41a1728 elementor-section-boxed elementor-section-height-default elementor-section-height-default\" data-id=\"41a1728\" data-element_type=\"section\">\n\t\t\t\t\t\t<div class=\"elementor-container elementor-column-gap-default\">\n\t\t\t\t\t\t\t<div class=\"elementor-row\">\n\t\t\t\t\t<div class=\"elementor-column elementor-col-100 elementor-top-column elementor-element elementor-element-be80107\" data-id=\"be80107\" data-element_type=\"column\">\n\t\t\t<div class=\"elementor-column-wrap elementor-element-populated\">\n\t\t\t\t\t\t\t<div class=\"elementor-widget-wrap\">\n\t\t\t\t\t\t<div class=\"elementor-element elementor-element-be30727 elementor-widget elementor-widget-heading\" data-id=\"be30727\" data-element_type=\"widget\" data-widget_type=\"heading.default\">\n\t\t\t\t<div class=\"elementor-widget-container\">\n\t\t\t<h2 class=\"elementor-heading-title elementor-size-default\">Kalmar County - N\u00e4s, Vimmerby<\/h2>\t\t<\/div>\n\t\t\t\t<\/div>\n\t\t\t\t\t\t<\/div>\n\t\t\t\t\t<\/div>\n\t\t<\/div>\n\t\t\t\t\t\t\t\t<\/div>\n\t\t\t\t\t<\/div>\n\t\t<\/section>\n\t\t\t\t<section class=\"elementor-section elementor-top-section elementor-element elementor-element-ee0d80f elementor-section-boxed elementor-section-height-default elementor-section-height-default\" data-id=\"ee0d80f\" data-element_type=\"section\">\n\t\t\t\t\t\t<div class=\"elementor-container elementor-column-gap-default\">\n\t\t\t\t\t\t\t<div class=\"elementor-row\">\n\t\t\t\t\t<div class=\"elementor-column elementor-col-100 elementor-top-column elementor-element elementor-element-0789cc1\" data-id=\"0789cc1\" data-element_type=\"column\">\n\t\t\t<div class=\"elementor-column-wrap elementor-element-populated\">\n\t\t\t\t\t\t\t<div class=\"elementor-widget-wrap\">\n\t\t\t\t\t\t<div class=\"elementor-element elementor-element-b034123 elementor-widget elementor-widget-text-editor\" data-id=\"b034123\" data-element_type=\"widget\" data-widget_type=\"text-editor.default\">\n\t\t\t\t<div class=\"elementor-widget-container\">\n\t\t\t\t\t\t\t\t<div class=\"elementor-text-editor elementor-clearfix\">\n\t\t\t\t<p style=\"font-weight: 400;\"><u>Red Sm\u00e5land granite<br>approx. 1800 million years<\/u><\/p>\t\t\t\t\t<\/div>\n\t\t\t\t\t\t<\/div>\n\t\t\t\t<\/div>\n\t\t\t\t\t\t<\/div>\n\t\t\t\t\t<\/div>\n\t\t<\/div>\n\t\t\t\t\t\t\t\t<\/div>\n\t\t\t\t\t<\/div>\n\t\t<\/section>\n\t\t\t\t<section class=\"elementor-section elementor-top-section elementor-element elementor-element-c2fb397 elementor-section-boxed elementor-section-height-default elementor-section-height-default\" data-id=\"c2fb397\" data-element_type=\"section\">\n\t\t\t\t\t\t<div class=\"elementor-container elementor-column-gap-default\">\n\t\t\t\t\t\t\t<div class=\"elementor-row\">\n\t\t\t\t\t<div class=\"elementor-column elementor-col-100 elementor-top-column elementor-element elementor-element-670b028\" data-id=\"670b028\" data-element_type=\"column\">\n\t\t\t<div class=\"elementor-column-wrap elementor-element-populated\">\n\t\t\t\t\t\t\t<div class=\"elementor-widget-wrap\">\n\t\t\t\t\t\t<div class=\"elementor-element elementor-element-0d90e21 elementor-widget elementor-widget-image\" data-id=\"0d90e21\" data-element_type=\"widget\" data-widget_type=\"image.default\">\n\t\t\t\t<div class=\"elementor-widget-container\">\n\t\t\t\t\t\t\t\t<div class=\"elementor-image\">\n\t\t\t\t\t\t\t\t\t\t\t\t<img width=\"338\" height=\"450\" src=\"https:\/\/globetree.se\/wp-content\/uploads\/2023\/03\/StenKalmarV-1080x1440-1.jpg\" class=\"attachment-medium size-medium wp-image-18433\" alt=\"\" loading=\"lazy\" srcset=\"https:\/\/globetree.se\/wp-content\/uploads\/2023\/03\/StenKalmarV-1080x1440-1.jpg 1080w, https:\/\/globetree.se\/wp-content\/uploads\/2023\/03\/StenKalmarV-1080x1440-1-9x12.jpg 9w\" sizes=\"(max-width: 338px) 100vw, 338px\" \/>\t\t\t\t\t\t\t\t\t\t\t\t\t\t<\/div>\n\t\t\t\t\t\t<\/div>\n\t\t\t\t<\/div>\n\t\t\t\t\t\t<\/div>\n\t\t\t\t\t<\/div>\n\t\t<\/div>\n\t\t\t\t\t\t\t\t<\/div>\n\t\t\t\t\t<\/div>\n\t\t<\/section>\n\t\t\t\t<section class=\"elementor-section elementor-top-section elementor-element elementor-element-6c1b35f elementor-section-boxed elementor-section-height-default elementor-section-height-default\" data-id=\"6c1b35f\" data-element_type=\"section\">\n\t\t\t\t\t\t<div class=\"elementor-container elementor-column-gap-default\">\n\t\t\t\t\t\t\t<div class=\"elementor-row\">\n\t\t\t\t\t<div class=\"elementor-column elementor-col-100 elementor-top-column elementor-element elementor-element-8e5ca38\" data-id=\"8e5ca38\" data-element_type=\"column\">\n\t\t\t<div class=\"elementor-column-wrap elementor-element-populated\">\n\t\t\t\t\t\t\t<div class=\"elementor-widget-wrap\">\n\t\t\t\t\t\t<div class=\"elementor-element elementor-element-8747b20 elementor-widget elementor-widget-text-editor\" data-id=\"8747b20\" data-element_type=\"widget\" data-widget_type=\"text-editor.default\">\n\t\t\t\t<div class=\"elementor-widget-container\">\n\t\t\t\t\t\t\t\t<div class=\"elementor-text-editor elementor-clearfix\">\n\t\t\t\t<p style=\"font-weight: 400;\">I am a block of red and fairly coarse Sm\u00e5land granite from N\u00e4s, where Astrid Lindgren was born, in Vimmerby in Kalmar county. Since I'm a loose block that came to N\u00e4s with the inland ice, it's not really possible to say exactly where I come from in the solid bedrock, but it's probably not that far away. I look like a very typical Sm\u00e5land granite, of which there is a lot in this part of Sm\u00e5land and in southern \u00d6sterg\u00f6tland, and which has an age of about 1800 million years. So that is probably my age as well.<\/p><p style=\"font-weight: 400;\">At that time, Sweden and all of Baltica, i.e. the north-eastern part of today's Europe, were becoming part of the supercontinent Columbia which was being formed. All, or almost all, of the Earth's continents were gathered into this supercontinent, although it is not known exactly what it looked like and where all the continents of the time were located. But Sweden was quite certainly close to the edge of this supercontinent, facing the ocean, and along this edge there was a lot of activity. Between about 1810 and 1750 million years ago, magma was pushed up to form granites and related intrusive rocks in a north-south belt that stretched from Blekinge and Sm\u00e5land in the south, up through parts of \u00d6sterg\u00f6tland to V\u00e4rmland, and then into what is now the mountain range (it didn't exist then) all the way up to Lofoten in northern Norway. So I am one of all these granites, about 1800 million years old. Some of the magmas, especially in Sm\u00e5land, flowed out onto the land surface of the time and formed volcanic porphyries, much like the Dala porphyries a hundred million years later.<\/p><p style=\"font-weight: 400;\">So in Sm\u00e5land, where I come from, these granites and porphyries are called Sm\u00e5land granites and Sm\u00e5land porphyries, respectively. Then they may have other, even more local names. The granite at Vimmerby and to the north is sometimes called Vinmmerby granite. Closer to the coast, towards Oskarshamn, some of the granites have been quarried as building stone, just as with other rocks along the coasts of Blekinge, Halland and Bohusl\u00e4n.<\/p><p style=\"font-weight: 400;\">In contrast to the gneisses further west, in western Sm\u00e5land and Halland, the rocks in the granite-porphyry belt through eastern Sm\u00e5land are quite well preserved, even though we are about a hundred million years older than the gneisses. But we have been more sheltered and not affected by any major mountainbuilding event with deformation and metamorphism (transformation at high pressure and high temperature) since we were formed. That is why we have retained our youthful appearance, despite our age.<\/p><p style=\"font-weight: 400;\"><em>Geologist \u00c5ke Johansson<\/em><em><br \/><\/em><em>Swedish Museum of Natural History<\/em><\/p>\t\t\t\t\t<\/div>\n\t\t\t\t\t\t<\/div>\n\t\t\t\t<\/div>\n\t\t\t\t\t\t<\/div>\n\t\t\t\t\t<\/div>\n\t\t<\/div>\n\t\t\t\t\t\t\t\t<\/div>\n\t\t\t\t\t<\/div>\n\t\t<\/section>\n\t\t\t\t<section class=\"elementor-section elementor-top-section elementor-element elementor-element-576977c elementor-section-boxed elementor-section-height-default elementor-section-height-default\" data-id=\"576977c\" data-element_type=\"section\">\n\t\t\t\t\t\t<div class=\"elementor-container elementor-column-gap-default\">\n\t\t\t\t\t\t\t<div class=\"elementor-row\">\n\t\t\t\t\t<div class=\"elementor-column elementor-col-100 elementor-top-column elementor-element elementor-element-d58fe09\" data-id=\"d58fe09\" data-element_type=\"column\">\n\t\t\t<div class=\"elementor-column-wrap elementor-element-populated\">\n\t\t\t\t\t\t\t<div class=\"elementor-widget-wrap\">\n\t\t\t\t\t\t<div class=\"elementor-element elementor-element-e029b52 elementor-widget elementor-widget-text-editor\" data-id=\"e029b52\" data-element_type=\"widget\" data-widget_type=\"text-editor.default\">\n\t\t\t\t<div class=\"elementor-widget-container\">\n\t\t\t\t\t\t\t\t<div class=\"elementor-text-editor elementor-clearfix\">\n\t\t\t\t<p style=\"font-weight: 400;\"><span style=\"color: #0000ff;\"><a style=\"color: #0000ff;\" href=\"https:\/\/globetree.se\/en\/\">Back to the Stone Circle<\/a><\/span><\/p>\t\t\t\t\t<\/div>\n\t\t\t\t\t\t<\/div>\n\t\t\t\t<\/div>\n\t\t\t\t\t\t<\/div>\n\t\t\t\t\t<\/div>\n\t\t<\/div>\n\t\t\t\t\t\t\t\t<\/div>\n\t\t\t\t\t<\/div>\n\t\t<\/section>\n\t\t\t\t\t\t\t\t\t<\/div>\n\t\t\t<\/div>\n\t\t\t\t\t<\/div>","protected":false},"excerpt":{"rendered":"<p>Kalmar l\u00e4n &#8211; N\u00e4s, Vimmerby R\u00f6d Sm\u00e5landsgranitca 1800 miljoner \u00e5r Jag \u00e4r ett block av r\u00f6d och r\u00e4tt s\u00e5 grov Sm\u00e5landsgranit fr\u00e5n N\u00e4s, d\u00e4r Astrid Lindgren f\u00f6ddes, i Vimmerby i Kalmar l\u00e4n. Eftersom jag \u00e4r ett l\u00f6st block som kommit till N\u00e4s med inlandsisen g\u00e5r det inte riktigt att s\u00e4ga exakt varifr\u00e5n jag kommer i &hellip;<\/p>\n<p class=\"read-more\"> <a class=\"\" href=\"https:\/\/globetree.se\/en\/sten-kalmar\/\"> <span class=\"screen-reader-text\">Sten &#8211; Kalmar<\/span> Read More \u00bb<\/a><\/p>","protected":false},"author":1,"featured_media":0,"parent":0,"menu_order":0,"comment_status":"closed","ping_status":"closed","template":"","meta":{"_uag_custom_page_level_css":"","_mi_skip_tracking":false,"site-sidebar-layout":"default","site-content-layout":"default","ast-main-header-display":"","ast-hfb-above-header-display":"","ast-hfb-below-header-display":"","ast-hfb-mobile-header-display":"","site-post-title":"","ast-breadcrumbs-content":"","ast-featured-img":"","footer-sml-layout":"","theme-transparent-header-meta":"","adv-header-id-meta":"","stick-header-meta":"","header-above-stick-meta":"","header-main-stick-meta":"","header-below-stick-meta":""},"uagb_featured_image_src":{"full":false,"thumbnail":false,"medium":false,"medium_large":false,"large":false,"1536x1536":false,"2048x2048":false,"trp-custom-language-flag":false},"uagb_author_info":{"display_name":"Peroy","author_link":"https:\/\/globetree.se\/en\/author\/peroy\/"},"uagb_comment_info":0,"uagb_excerpt":"Kalmar l\u00e4n &#8211; N\u00e4s, Vimmerby R\u00f6d Sm\u00e5landsgranitca 1800 miljoner \u00e5r Jag \u00e4r ett block av r\u00f6d och r\u00e4tt s\u00e5 grov Sm\u00e5landsgranit fr\u00e5n N\u00e4s, d\u00e4r Astrid Lindgren f\u00f6ddes, i Vimmerby i Kalmar l\u00e4n. Eftersom jag \u00e4r ett l\u00f6st block som kommit till N\u00e4s med inlandsisen g\u00e5r det inte riktigt att s\u00e4ga exakt varifr\u00e5n jag kommer i&hellip;","_links":{"self":[{"href":"https:\/\/globetree.se\/en\/wp-json\/wp\/v2\/pages\/18582"}],"collection":[{"href":"https:\/\/globetree.se\/en\/wp-json\/wp\/v2\/pages"}],"about":[{"href":"https:\/\/globetree.se\/en\/wp-json\/wp\/v2\/types\/page"}],"author":[{"embeddable":true,"href":"https:\/\/globetree.se\/en\/wp-json\/wp\/v2\/users\/1"}],"replies":[{"embeddable":true,"href":"https:\/\/globetree.se\/en\/wp-json\/wp\/v2\/comments?post=18582"}],"version-history":[{"count":7,"href":"https:\/\/globetree.se\/en\/wp-json\/wp\/v2\/pages\/18582\/revisions"}],"predecessor-version":[{"id":19297,"href":"https:\/\/globetree.se\/en\/wp-json\/wp\/v2\/pages\/18582\/revisions\/19297"}],"wp:attachment":[{"href":"https:\/\/globetree.se\/en\/wp-json\/wp\/v2\/media?parent=18582"}],"curies":[{"name":"wp","href":"https:\/\/api.w.org\/{rel}","templated":true}]}}