{"id":18596,"date":"2023-03-23T10:00:49","date_gmt":"2023-03-23T09:00:49","guid":{"rendered":"http:\/\/globetree.se\/?page_id=18596"},"modified":"2023-03-26T13:59:04","modified_gmt":"2023-03-26T11:59:04","slug":"sten-jonkoping","status":"publish","type":"page","link":"https:\/\/globetree.se\/en\/sten-jonkoping\/","title":{"rendered":"Sten &#8211; J\u00f6nk\u00f6ping"},"content":{"rendered":"<div data-elementor-type=\"wp-page\" data-elementor-id=\"18596\" class=\"elementor elementor-18596\">\n\t\t\t\t\t\t<div class=\"elementor-inner\">\n\t\t\t\t<div class=\"elementor-section-wrap\">\n\t\t\t\t\t\t\t\t\t<section class=\"elementor-section elementor-top-section elementor-element elementor-element-41a1728 elementor-section-boxed elementor-section-height-default elementor-section-height-default\" data-id=\"41a1728\" data-element_type=\"section\">\n\t\t\t\t\t\t<div class=\"elementor-container elementor-column-gap-default\">\n\t\t\t\t\t\t\t<div class=\"elementor-row\">\n\t\t\t\t\t<div class=\"elementor-column elementor-col-100 elementor-top-column elementor-element elementor-element-be80107\" data-id=\"be80107\" data-element_type=\"column\">\n\t\t\t<div class=\"elementor-column-wrap elementor-element-populated\">\n\t\t\t\t\t\t\t<div class=\"elementor-widget-wrap\">\n\t\t\t\t\t\t<div class=\"elementor-element elementor-element-be30727 elementor-widget elementor-widget-heading\" data-id=\"be30727\" data-element_type=\"widget\" data-widget_type=\"heading.default\">\n\t\t\t\t<div class=\"elementor-widget-container\">\n\t\t\t<h2 class=\"elementor-heading-title elementor-size-default\">J\u00f6nk\u00f6ping County - Taberg<\/h2>\t\t<\/div>\n\t\t\t\t<\/div>\n\t\t\t\t\t\t<\/div>\n\t\t\t\t\t<\/div>\n\t\t<\/div>\n\t\t\t\t\t\t\t\t<\/div>\n\t\t\t\t\t<\/div>\n\t\t<\/section>\n\t\t\t\t<section class=\"elementor-section elementor-top-section elementor-element elementor-element-ee0d80f elementor-section-boxed elementor-section-height-default elementor-section-height-default\" data-id=\"ee0d80f\" data-element_type=\"section\">\n\t\t\t\t\t\t<div class=\"elementor-container elementor-column-gap-default\">\n\t\t\t\t\t\t\t<div class=\"elementor-row\">\n\t\t\t\t\t<div class=\"elementor-column elementor-col-100 elementor-top-column elementor-element elementor-element-0789cc1\" data-id=\"0789cc1\" data-element_type=\"column\">\n\t\t\t<div class=\"elementor-column-wrap elementor-element-populated\">\n\t\t\t\t\t\t\t<div class=\"elementor-widget-wrap\">\n\t\t\t\t\t\t<div class=\"elementor-element elementor-element-b034123 elementor-widget elementor-widget-text-editor\" data-id=\"b034123\" data-element_type=\"widget\" data-widget_type=\"text-editor.default\">\n\t\t\t\t<div class=\"elementor-widget-container\">\n\t\t\t\t\t\t\t\t<div class=\"elementor-text-editor elementor-clearfix\">\n\t\t\t\t<p style=\"font-weight: 400;\"><u>Gabbro (titanomagnetite-olivinite)<br>\nabout 1200 million years<\/u><\/p>\t\t\t\t\t<\/div>\n\t\t\t\t\t\t<\/div>\n\t\t\t\t<\/div>\n\t\t\t\t\t\t<\/div>\n\t\t\t\t\t<\/div>\n\t\t<\/div>\n\t\t\t\t\t\t\t\t<\/div>\n\t\t\t\t\t<\/div>\n\t\t<\/section>\n\t\t\t\t<section class=\"elementor-section elementor-top-section elementor-element elementor-element-c2fb397 elementor-section-boxed elementor-section-height-default elementor-section-height-default\" data-id=\"c2fb397\" data-element_type=\"section\">\n\t\t\t\t\t\t<div class=\"elementor-container elementor-column-gap-default\">\n\t\t\t\t\t\t\t<div class=\"elementor-row\">\n\t\t\t\t\t<div class=\"elementor-column elementor-col-100 elementor-top-column elementor-element elementor-element-670b028\" data-id=\"670b028\" data-element_type=\"column\">\n\t\t\t<div class=\"elementor-column-wrap elementor-element-populated\">\n\t\t\t\t\t\t\t<div class=\"elementor-widget-wrap\">\n\t\t\t\t\t\t<div class=\"elementor-element elementor-element-0d90e21 elementor-widget elementor-widget-image\" data-id=\"0d90e21\" data-element_type=\"widget\" data-widget_type=\"image.default\">\n\t\t\t\t<div class=\"elementor-widget-container\">\n\t\t\t\t\t\t\t\t<div class=\"elementor-image\">\n\t\t\t\t\t\t\t\t\t\t\t\t<img width=\"338\" height=\"450\" src=\"https:\/\/globetree.se\/wp-content\/uploads\/2023\/03\/StenJonkopingV-1080x1440-1.jpg\" class=\"attachment-medium size-medium wp-image-18432\" alt=\"\" loading=\"lazy\" srcset=\"https:\/\/globetree.se\/wp-content\/uploads\/2023\/03\/StenJonkopingV-1080x1440-1.jpg 1080w, https:\/\/globetree.se\/wp-content\/uploads\/2023\/03\/StenJonkopingV-1080x1440-1-9x12.jpg 9w\" sizes=\"(max-width: 338px) 100vw, 338px\" \/>\t\t\t\t\t\t\t\t\t\t\t\t\t\t<\/div>\n\t\t\t\t\t\t<\/div>\n\t\t\t\t<\/div>\n\t\t\t\t\t\t<\/div>\n\t\t\t\t\t<\/div>\n\t\t<\/div>\n\t\t\t\t\t\t\t\t<\/div>\n\t\t\t\t\t<\/div>\n\t\t<\/section>\n\t\t\t\t<section class=\"elementor-section elementor-top-section elementor-element elementor-element-6c1b35f elementor-section-boxed elementor-section-height-default elementor-section-height-default\" data-id=\"6c1b35f\" data-element_type=\"section\">\n\t\t\t\t\t\t<div class=\"elementor-container elementor-column-gap-default\">\n\t\t\t\t\t\t\t<div class=\"elementor-row\">\n\t\t\t\t\t<div class=\"elementor-column elementor-col-100 elementor-top-column elementor-element elementor-element-8e5ca38\" data-id=\"8e5ca38\" data-element_type=\"column\">\n\t\t\t<div class=\"elementor-column-wrap elementor-element-populated\">\n\t\t\t\t\t\t\t<div class=\"elementor-widget-wrap\">\n\t\t\t\t\t\t<div class=\"elementor-element elementor-element-8747b20 elementor-widget elementor-widget-text-editor\" data-id=\"8747b20\" data-element_type=\"widget\" data-widget_type=\"text-editor.default\">\n\t\t\t\t<div class=\"elementor-widget-container\">\n\t\t\t\t\t\t\t\t<div class=\"elementor-text-editor elementor-clearfix\">\n\t\t\t\t<p style=\"font-weight: 400;\">I am a block of dark gabbro from Taberg, or Sm\u00e5land's Taberg as this mountain is sometimes said, south of J\u00f6nk\u00f6ping in J\u00f6nk\u00f6ping County in Sm\u00e5land. If you want to be really precise, you can call me titanomagnetite-olivinite, because I consist mostly of the minerals titanomagnetite and olivine, but I think gabbro can do as a name for everyday life.<\/p><p style=\"font-weight: 400;\">Gabbro is an igneous rock, just like granite, but gabbro is formed from a basic magma that comes from the mantle, which is found below the earth's crust, and which is much poorer in the element silicon. Therefore, gabbro contains very little (or nothing) of light-coloured silicon-rich minerals such as quartz, and a lot of dark silicon-poor minerals such as pyroxenes and olivine, which are instead rich in iron and magnesium. That's why we gabbros are so dark in colour.<\/p><p style=\"font-weight: 400;\">Gabbro, diabase and basalt are closely related rocks with the same composition. Gabbro forms slightly larger bodies that have solidified deep down in the earth's crust, diabase solidifies in cracks in the crust as (usually) steep dykes, and basalt is a very fine-grained lava rock formed by volcanic eruptions on the surface of the earth. The gabbro at Sm\u00e5land's Taberg, where I come from, is particularly closely related to the diabase swarm that runs in a north-south direction from Sk\u00e5ne up through Sm\u00e5land to Lake V\u00e4ttern. The Tabergs gabbro lies in the same shear zone in the bedrock, the so-called Protogine zone, as these diabase dykes, and we are roughly the same age. A couple of the diabase dykes have been dated to about 1220 million years, and I myself have been dated to about 1200 million years. So I'm happy to see the diabase from Gylsboda in Sk\u00e5ne here in the same stone circle, we are old mates.<\/p><p style=\"font-weight: 400;\">But I'm a little extra special, because I'm not only made up of gabbro through and through, but various different rock varieties with different tricky names, like titanomagnetite-olivinite These have separated from my magma when different minerals accumulated in different places when the magma crystallized. Titanomagnetite means titanium-containing magnetite, i.e. a variant of the iron ore mineral magnetite which, in addition to iron (and oxygen), also contains the metal titanium. There is quite a lot of iron and titanium ore in Sm\u00e5land's Taberg, and for several hundred years iron ore was mined in the mountain, the last period from 1939 to 1960. However, I don't think any titanium was extracted. Now the mine is closed, and bats live in the old mine tunnels. The mountain has become a nature reserve. In the summers, tours are arranged in the mine tunnels, to look at the historical traces left by the mining. <a href=\"https:\/\/www.tabergsgruvan.se\/\">Welcome to Taberg<\/a><\/p><p style=\"font-weight: 400;\">A special finesse is also that in 1830 a new unknown element, a metal named vanadium, was discovered in the iron-titanium ore from Taberg. Like titanium, vanadium is an important alloy metal that can be mixed with iron to give steel various suitable properties.<\/p><p style=\"font-weight: 400;\">Sm\u00e5land's Taberg is also the second highest mountain peak in Sm\u00e5land and the entire Southern Swedish Highlands, with a height of 343 meters above sea level. It is steep, especially on the south-east side where the rock was carved to mine iron ore, and rises high above the surroundings, so the view from the top is very nice. If you don't want to walk, you can drive up a narrow and winding road. Up there at the top there is a restaurant or cafeteria, at least in the summer.<\/p><p style=\"font-weight: 400;\"><em>Geologist \u00c5ke Johansson<\/em><em><br \/><\/em><em>Swedish Museum of Natural History<\/em><\/p>\t\t\t\t\t<\/div>\n\t\t\t\t\t\t<\/div>\n\t\t\t\t<\/div>\n\t\t\t\t\t\t<\/div>\n\t\t\t\t\t<\/div>\n\t\t<\/div>\n\t\t\t\t\t\t\t\t<\/div>\n\t\t\t\t\t<\/div>\n\t\t<\/section>\n\t\t\t\t<section class=\"elementor-section elementor-top-section elementor-element elementor-element-130e5ae elementor-section-boxed elementor-section-height-default elementor-section-height-default\" data-id=\"130e5ae\" data-element_type=\"section\">\n\t\t\t\t\t\t<div class=\"elementor-container elementor-column-gap-default\">\n\t\t\t\t\t\t\t<div class=\"elementor-row\">\n\t\t\t\t\t<div class=\"elementor-column elementor-col-100 elementor-top-column elementor-element elementor-element-fbbc7cb\" data-id=\"fbbc7cb\" data-element_type=\"column\">\n\t\t\t<div class=\"elementor-column-wrap elementor-element-populated\">\n\t\t\t\t\t\t\t<div class=\"elementor-widget-wrap\">\n\t\t\t\t\t\t<div class=\"elementor-element elementor-element-887e22c elementor-widget elementor-widget-text-editor\" data-id=\"887e22c\" data-element_type=\"widget\" data-widget_type=\"text-editor.default\">\n\t\t\t\t<div class=\"elementor-widget-container\">\n\t\t\t\t\t\t\t\t<div class=\"elementor-text-editor elementor-clearfix\">\n\t\t\t\t<p style=\"font-weight: 400;\"><span style=\"color: #0000ff;\"><a style=\"color: #0000ff;\" href=\"https:\/\/globetree.se\/en\/\">Back to the Stone Circle<\/a><\/span><\/p>\t\t\t\t\t<\/div>\n\t\t\t\t\t\t<\/div>\n\t\t\t\t<\/div>\n\t\t\t\t\t\t<\/div>\n\t\t\t\t\t<\/div>\n\t\t<\/div>\n\t\t\t\t\t\t\t\t<\/div>\n\t\t\t\t\t<\/div>\n\t\t<\/section>\n\t\t\t\t\t\t\t\t\t<\/div>\n\t\t\t<\/div>\n\t\t\t\t\t<\/div>","protected":false},"excerpt":{"rendered":"<p>J\u00f6nk\u00f6pings l\u00e4n &#8211; Taberg Gabbro (titanomagnetit-olivinit) ca 1200 miljoner \u00e5r Jag \u00e4r ett block av m\u00f6rk gabbro fr\u00e5n Taberg, eller Sm\u00e5lands Taberg som man ibland s\u00e4ger, s\u00f6der om J\u00f6nk\u00f6ping i J\u00f6nk\u00f6pings l\u00e4n i Sm\u00e5land. Vill man vara riktig noggrann kan man kalla mig f\u00f6r titanomagnetit-olivinit, eftersom jag best\u00e5r mest av mineralen titanomagnetit och olivin, men &hellip;<\/p>\n<p class=\"read-more\"> <a class=\"\" href=\"https:\/\/globetree.se\/en\/sten-jonkoping\/\"> <span class=\"screen-reader-text\">Sten &#8211; J\u00f6nk\u00f6ping<\/span> Read More \u00bb<\/a><\/p>","protected":false},"author":1,"featured_media":0,"parent":0,"menu_order":0,"comment_status":"closed","ping_status":"closed","template":"","meta":{"_uag_custom_page_level_css":"","_mi_skip_tracking":false,"site-sidebar-layout":"default","site-content-layout":"default","ast-main-header-display":"","ast-hfb-above-header-display":"","ast-hfb-below-header-display":"","ast-hfb-mobile-header-display":"","site-post-title":"","ast-breadcrumbs-content":"","ast-featured-img":"","footer-sml-layout":"","theme-transparent-header-meta":"","adv-header-id-meta":"","stick-header-meta":"","header-above-stick-meta":"","header-main-stick-meta":"","header-below-stick-meta":""},"uagb_featured_image_src":{"full":false,"thumbnail":false,"medium":false,"medium_large":false,"large":false,"1536x1536":false,"2048x2048":false,"trp-custom-language-flag":false},"uagb_author_info":{"display_name":"Peroy","author_link":"https:\/\/globetree.se\/en\/author\/peroy\/"},"uagb_comment_info":0,"uagb_excerpt":"J\u00f6nk\u00f6pings l\u00e4n &#8211; Taberg Gabbro (titanomagnetit-olivinit) ca 1200 miljoner \u00e5r Jag \u00e4r ett block av m\u00f6rk gabbro fr\u00e5n Taberg, eller Sm\u00e5lands Taberg som man ibland s\u00e4ger, s\u00f6der om J\u00f6nk\u00f6ping i J\u00f6nk\u00f6pings l\u00e4n i Sm\u00e5land. Vill man vara riktig noggrann kan man kalla mig f\u00f6r titanomagnetit-olivinit, eftersom jag best\u00e5r mest av mineralen titanomagnetit och olivin, men&hellip;","_links":{"self":[{"href":"https:\/\/globetree.se\/en\/wp-json\/wp\/v2\/pages\/18596"}],"collection":[{"href":"https:\/\/globetree.se\/en\/wp-json\/wp\/v2\/pages"}],"about":[{"href":"https:\/\/globetree.se\/en\/wp-json\/wp\/v2\/types\/page"}],"author":[{"embeddable":true,"href":"https:\/\/globetree.se\/en\/wp-json\/wp\/v2\/users\/1"}],"replies":[{"embeddable":true,"href":"https:\/\/globetree.se\/en\/wp-json\/wp\/v2\/comments?post=18596"}],"version-history":[{"count":16,"href":"https:\/\/globetree.se\/en\/wp-json\/wp\/v2\/pages\/18596\/revisions"}],"predecessor-version":[{"id":19327,"href":"https:\/\/globetree.se\/en\/wp-json\/wp\/v2\/pages\/18596\/revisions\/19327"}],"wp:attachment":[{"href":"https:\/\/globetree.se\/en\/wp-json\/wp\/v2\/media?parent=18596"}],"curies":[{"name":"wp","href":"https:\/\/api.w.org\/{rel}","templated":true}]}}