{"id":18600,"date":"2023-03-23T10:00:32","date_gmt":"2023-03-23T09:00:32","guid":{"rendered":"http:\/\/globetree.se\/?page_id=18600"},"modified":"2023-04-25T21:06:44","modified_gmt":"2023-04-25T19:06:44","slug":"sten-norrbotten","status":"publish","type":"page","link":"https:\/\/globetree.se\/en\/sten-norrbotten\/","title":{"rendered":"Sten &#8211; Norrbotten"},"content":{"rendered":"<div data-elementor-type=\"wp-page\" data-elementor-id=\"18600\" class=\"elementor elementor-18600\">\n\t\t\t\t\t\t<div class=\"elementor-inner\">\n\t\t\t\t<div class=\"elementor-section-wrap\">\n\t\t\t\t\t\t\t\t\t<section class=\"elementor-section elementor-top-section elementor-element elementor-element-41a1728 elementor-section-boxed elementor-section-height-default elementor-section-height-default\" data-id=\"41a1728\" data-element_type=\"section\">\n\t\t\t\t\t\t<div class=\"elementor-container elementor-column-gap-default\">\n\t\t\t\t\t\t\t<div class=\"elementor-row\">\n\t\t\t\t\t<div class=\"elementor-column elementor-col-100 elementor-top-column elementor-element elementor-element-be80107\" data-id=\"be80107\" data-element_type=\"column\">\n\t\t\t<div class=\"elementor-column-wrap elementor-element-populated\">\n\t\t\t\t\t\t\t<div class=\"elementor-widget-wrap\">\n\t\t\t\t\t\t<div class=\"elementor-element elementor-element-be30727 elementor-widget elementor-widget-heading\" data-id=\"be30727\" data-element_type=\"widget\" data-widget_type=\"heading.default\">\n\t\t\t\t<div class=\"elementor-widget-container\">\n\t\t\t<h2 class=\"elementor-heading-title elementor-size-default\">Norrbotten County - Lule\u00e5<\/h2>\t\t<\/div>\n\t\t\t\t<\/div>\n\t\t\t\t\t\t<\/div>\n\t\t\t\t\t<\/div>\n\t\t<\/div>\n\t\t\t\t\t\t\t\t<\/div>\n\t\t\t\t\t<\/div>\n\t\t<\/section>\n\t\t\t\t<section class=\"elementor-section elementor-top-section elementor-element elementor-element-ee0d80f elementor-section-boxed elementor-section-height-default elementor-section-height-default\" data-id=\"ee0d80f\" data-element_type=\"section\">\n\t\t\t\t\t\t<div class=\"elementor-container elementor-column-gap-default\">\n\t\t\t\t\t\t\t<div class=\"elementor-row\">\n\t\t\t\t\t<div class=\"elementor-column elementor-col-100 elementor-top-column elementor-element elementor-element-0789cc1\" data-id=\"0789cc1\" data-element_type=\"column\">\n\t\t\t<div class=\"elementor-column-wrap elementor-element-populated\">\n\t\t\t\t\t\t\t<div class=\"elementor-widget-wrap\">\n\t\t\t\t\t\t<div class=\"elementor-element elementor-element-b034123 elementor-widget elementor-widget-text-editor\" data-id=\"b034123\" data-element_type=\"widget\" data-widget_type=\"text-editor.default\">\n\t\t\t\t<div class=\"elementor-widget-container\">\n\t\t\t\t\t\t\t\t<div class=\"elementor-text-editor elementor-clearfix\">\n\t\t\t\t<p style=\"font-weight: 400;\"><u>Gneiss granite<br>, approx. 2700 million years<\/u><\/p>\t\t\t\t\t<\/div>\n\t\t\t\t\t\t<\/div>\n\t\t\t\t<\/div>\n\t\t\t\t\t\t<\/div>\n\t\t\t\t\t<\/div>\n\t\t<\/div>\n\t\t\t\t\t\t\t\t<\/div>\n\t\t\t\t\t<\/div>\n\t\t<\/section>\n\t\t\t\t<section class=\"elementor-section elementor-top-section elementor-element elementor-element-c2fb397 elementor-section-boxed elementor-section-height-default elementor-section-height-default\" data-id=\"c2fb397\" data-element_type=\"section\">\n\t\t\t\t\t\t<div class=\"elementor-container elementor-column-gap-default\">\n\t\t\t\t\t\t\t<div class=\"elementor-row\">\n\t\t\t\t\t<div class=\"elementor-column elementor-col-100 elementor-top-column elementor-element elementor-element-670b028\" data-id=\"670b028\" data-element_type=\"column\">\n\t\t\t<div class=\"elementor-column-wrap elementor-element-populated\">\n\t\t\t\t\t\t\t<div class=\"elementor-widget-wrap\">\n\t\t\t\t\t\t<div class=\"elementor-element elementor-element-0d90e21 elementor-widget elementor-widget-image\" data-id=\"0d90e21\" data-element_type=\"widget\" data-widget_type=\"image.default\">\n\t\t\t\t<div class=\"elementor-widget-container\">\n\t\t\t\t\t\t\t\t<div class=\"elementor-image\">\n\t\t\t\t\t\t\t\t\t\t\t\t<img width=\"338\" height=\"450\" src=\"https:\/\/globetree.se\/wp-content\/uploads\/2023\/03\/StenNorrbottenV-1080x1440-1.jpg\" class=\"attachment-medium size-medium wp-image-18435\" alt=\"\" loading=\"lazy\" srcset=\"https:\/\/globetree.se\/wp-content\/uploads\/2023\/03\/StenNorrbottenV-1080x1440-1.jpg 1080w, https:\/\/globetree.se\/wp-content\/uploads\/2023\/03\/StenNorrbottenV-1080x1440-1-9x12.jpg 9w\" sizes=\"(max-width: 338px) 100vw, 338px\" \/>\t\t\t\t\t\t\t\t\t\t\t\t\t\t<\/div>\n\t\t\t\t\t\t<\/div>\n\t\t\t\t<\/div>\n\t\t\t\t\t\t<\/div>\n\t\t\t\t\t<\/div>\n\t\t<\/div>\n\t\t\t\t\t\t\t\t<\/div>\n\t\t\t\t\t<\/div>\n\t\t<\/section>\n\t\t\t\t<section class=\"elementor-section elementor-top-section elementor-element elementor-element-6c1b35f elementor-section-boxed elementor-section-height-default elementor-section-height-default\" data-id=\"6c1b35f\" data-element_type=\"section\">\n\t\t\t\t\t\t<div class=\"elementor-container elementor-column-gap-default\">\n\t\t\t\t\t\t\t<div class=\"elementor-row\">\n\t\t\t\t\t<div class=\"elementor-column elementor-col-100 elementor-top-column elementor-element elementor-element-8e5ca38\" data-id=\"8e5ca38\" data-element_type=\"column\">\n\t\t\t<div class=\"elementor-column-wrap elementor-element-populated\">\n\t\t\t\t\t\t\t<div class=\"elementor-widget-wrap\">\n\t\t\t\t\t\t<div class=\"elementor-element elementor-element-8747b20 elementor-widget elementor-widget-text-editor\" data-id=\"8747b20\" data-element_type=\"widget\" data-widget_type=\"text-editor.default\">\n\t\t\t\t<div class=\"elementor-widget-container\">\n\t\t\t\t\t\t\t\t<div class=\"elementor-text-editor elementor-clearfix\">\n\t\t\t\t<p style=\"font-weight: 400;\">I am the absolutely oldest stone here in the stone circle, about 2700 million years old. That is over half the age of the entire globe. I was formed during a time period in Earth's history called the Archean, which lasted from 4000 down to 2500 million years ago. So that's why I'm called an Archean gneiss granite.<\/p><p style=\"font-weight: 400;\">Such very old Archean bedrock can be found up in Norrbotten county in the north of Sweden, it is the very oldest part of Sweden. The largest area of Archaean rocks, various gneisses, is found north of Kiruna and up towards Treriksr\u00f6set. The same typa of bedrock continues into northern Finland and northern Norway. Rocks don't care about national borders, we existed long before these borders. Then there are some small areas with Archean rock types further south, near Lule\u00e5 where I come from, north of Haparanda, and near Jokkmokk. The geologists believe that the Archean bedrock continues at depth to approximately a line from Lule\u00e5 to Jokkmokk and further to the northwest, but for the most part it is overlain by younger rocks.<\/p><p style=\"font-weight: 400;\">I'm quite gneissic, but I probably started as a massive (as the geologists say) granite formed from a magma that intruded the earth's crust and solidified somewhere at depth when it got cooler. As I said, this happened about 2700 million years ago. Since then I have been subjected to pressure and movements, perhaps in several rounds, until 1800 million years ago or so. That's how I got my gneissic texture, with elongated mineral grains. Above all, I look quite flaky, almost like schist. Must also have happened when the bedrock moved, I don't remember very well. But I am the oldest of the stones in the stone circle, yes I am one of Sweden's absolute oldest rocks.<\/p><p style=\"font-weight: 400;\"><em>Geologist \u00c5ke Johansson<\/em><em><br \/><\/em><em>Swedish Museum of Natural History<\/em><\/p>\t\t\t\t\t<\/div>\n\t\t\t\t\t\t<\/div>\n\t\t\t\t<\/div>\n\t\t\t\t\t\t<\/div>\n\t\t\t\t\t<\/div>\n\t\t<\/div>\n\t\t\t\t\t\t\t\t<\/div>\n\t\t\t\t\t<\/div>\n\t\t<\/section>\n\t\t\t\t<section class=\"elementor-section elementor-top-section elementor-element elementor-element-59d5abb elementor-section-boxed elementor-section-height-default elementor-section-height-default\" data-id=\"59d5abb\" data-element_type=\"section\">\n\t\t\t\t\t\t<div class=\"elementor-container elementor-column-gap-default\">\n\t\t\t\t\t\t\t<div class=\"elementor-row\">\n\t\t\t\t\t<div class=\"elementor-column elementor-col-100 elementor-top-column elementor-element elementor-element-b5760d1\" data-id=\"b5760d1\" data-element_type=\"column\">\n\t\t\t<div class=\"elementor-column-wrap elementor-element-populated\">\n\t\t\t\t\t\t\t<div class=\"elementor-widget-wrap\">\n\t\t\t\t\t\t<div class=\"elementor-element elementor-element-00c3c2a elementor-widget elementor-widget-text-editor\" data-id=\"00c3c2a\" data-element_type=\"widget\" data-widget_type=\"text-editor.default\">\n\t\t\t\t<div class=\"elementor-widget-container\">\n\t\t\t\t\t\t\t\t<div class=\"elementor-text-editor elementor-clearfix\">\n\t\t\t\t<p style=\"font-weight: 400;\"><span style=\"color: #0000ff;\"><a style=\"color: #0000ff;\" href=\"https:\/\/globetree.se\/en\/\">Back to the Stone Circle<\/a><\/span><\/p>\t\t\t\t\t<\/div>\n\t\t\t\t\t\t<\/div>\n\t\t\t\t<\/div>\n\t\t\t\t\t\t<\/div>\n\t\t\t\t\t<\/div>\n\t\t<\/div>\n\t\t\t\t\t\t\t\t<\/div>\n\t\t\t\t\t<\/div>\n\t\t<\/section>\n\t\t\t\t\t\t\t\t\t<\/div>\n\t\t\t<\/div>\n\t\t\t\t\t<\/div>","protected":false},"excerpt":{"rendered":"<p>Norrbottens l\u00e4n &#8211; Lule\u00e5 Gnejsgranitca 2700 miljoner \u00e5r Jag \u00e4r den absolut \u00e4ldsta stenen h\u00e4r i stencirkeln, omkring 2700 miljoner \u00e5r gammal. Det ni, det \u00e4r \u00f6ver h\u00e4lften av hela jordklotets \u00e5lder. Jag bildades under en tidsperiod i jordens historia som kallas Arkeikum, och som varade fr\u00e5n 4000 ner till 2500 miljoner \u00e5r sedan. S\u00e5 &hellip;<\/p>\n<p class=\"read-more\"> <a class=\"\" href=\"https:\/\/globetree.se\/en\/sten-norrbotten\/\"> <span class=\"screen-reader-text\">Sten &#8211; Norrbotten<\/span> Read More \u00bb<\/a><\/p>","protected":false},"author":1,"featured_media":0,"parent":0,"menu_order":0,"comment_status":"closed","ping_status":"closed","template":"","meta":{"_uag_custom_page_level_css":"","_mi_skip_tracking":false,"site-sidebar-layout":"default","site-content-layout":"default","ast-main-header-display":"","ast-hfb-above-header-display":"","ast-hfb-below-header-display":"","ast-hfb-mobile-header-display":"","site-post-title":"","ast-breadcrumbs-content":"","ast-featured-img":"","footer-sml-layout":"","theme-transparent-header-meta":"","adv-header-id-meta":"","stick-header-meta":"","header-above-stick-meta":"","header-main-stick-meta":"","header-below-stick-meta":""},"uagb_featured_image_src":{"full":false,"thumbnail":false,"medium":false,"medium_large":false,"large":false,"1536x1536":false,"2048x2048":false,"trp-custom-language-flag":false},"uagb_author_info":{"display_name":"Peroy","author_link":"https:\/\/globetree.se\/en\/author\/peroy\/"},"uagb_comment_info":0,"uagb_excerpt":"Norrbottens l\u00e4n &#8211; Lule\u00e5 Gnejsgranitca 2700 miljoner \u00e5r Jag \u00e4r den absolut \u00e4ldsta stenen h\u00e4r i stencirkeln, omkring 2700 miljoner \u00e5r gammal. Det ni, det \u00e4r \u00f6ver h\u00e4lften av hela jordklotets \u00e5lder. Jag bildades under en tidsperiod i jordens historia som kallas Arkeikum, och som varade fr\u00e5n 4000 ner till 2500 miljoner \u00e5r sedan. S\u00e5&hellip;","_links":{"self":[{"href":"https:\/\/globetree.se\/en\/wp-json\/wp\/v2\/pages\/18600"}],"collection":[{"href":"https:\/\/globetree.se\/en\/wp-json\/wp\/v2\/pages"}],"about":[{"href":"https:\/\/globetree.se\/en\/wp-json\/wp\/v2\/types\/page"}],"author":[{"embeddable":true,"href":"https:\/\/globetree.se\/en\/wp-json\/wp\/v2\/users\/1"}],"replies":[{"embeddable":true,"href":"https:\/\/globetree.se\/en\/wp-json\/wp\/v2\/comments?post=18600"}],"version-history":[{"count":10,"href":"https:\/\/globetree.se\/en\/wp-json\/wp\/v2\/pages\/18600\/revisions"}],"predecessor-version":[{"id":19558,"href":"https:\/\/globetree.se\/en\/wp-json\/wp\/v2\/pages\/18600\/revisions\/19558"}],"wp:attachment":[{"href":"https:\/\/globetree.se\/en\/wp-json\/wp\/v2\/media?parent=18600"}],"curies":[{"name":"wp","href":"https:\/\/api.w.org\/{rel}","templated":true}]}}