{"id":18612,"date":"2023-03-23T10:00:54","date_gmt":"2023-03-23T09:00:54","guid":{"rendered":"http:\/\/globetree.se\/?page_id=18612"},"modified":"2023-04-26T12:06:44","modified_gmt":"2023-04-26T10:06:44","slug":"sten-vastmanland","status":"publish","type":"page","link":"https:\/\/globetree.se\/en\/sten-vastmanland\/","title":{"rendered":"Sten &#8211; V\u00e4stmanland"},"content":{"rendered":"<div data-elementor-type=\"wp-page\" data-elementor-id=\"18612\" class=\"elementor elementor-18612\">\n\t\t\t\t\t\t<div class=\"elementor-inner\">\n\t\t\t\t<div class=\"elementor-section-wrap\">\n\t\t\t\t\t\t\t\t\t<section class=\"elementor-section elementor-top-section elementor-element elementor-element-41a1728 elementor-section-boxed elementor-section-height-default elementor-section-height-default\" data-id=\"41a1728\" data-element_type=\"section\">\n\t\t\t\t\t\t<div class=\"elementor-container elementor-column-gap-default\">\n\t\t\t\t\t\t\t<div class=\"elementor-row\">\n\t\t\t\t\t<div class=\"elementor-column elementor-col-100 elementor-top-column elementor-element elementor-element-be80107\" data-id=\"be80107\" data-element_type=\"column\">\n\t\t\t<div class=\"elementor-column-wrap elementor-element-populated\">\n\t\t\t\t\t\t\t<div class=\"elementor-widget-wrap\">\n\t\t\t\t\t\t<div class=\"elementor-element elementor-element-be30727 elementor-widget elementor-widget-heading\" data-id=\"be30727\" data-element_type=\"widget\" data-widget_type=\"heading.default\">\n\t\t\t\t<div class=\"elementor-widget-container\">\n\t\t\t<h2 class=\"elementor-heading-title elementor-size-default\">V\u00e4stmanland County - Sala<\/h2>\t\t<\/div>\n\t\t\t\t<\/div>\n\t\t\t\t\t\t<\/div>\n\t\t\t\t\t<\/div>\n\t\t<\/div>\n\t\t\t\t\t\t\t\t<\/div>\n\t\t\t\t\t<\/div>\n\t\t<\/section>\n\t\t\t\t<section class=\"elementor-section elementor-top-section elementor-element elementor-element-ee0d80f elementor-section-boxed elementor-section-height-default elementor-section-height-default\" data-id=\"ee0d80f\" data-element_type=\"section\">\n\t\t\t\t\t\t<div class=\"elementor-container elementor-column-gap-default\">\n\t\t\t\t\t\t\t<div class=\"elementor-row\">\n\t\t\t\t\t<div class=\"elementor-column elementor-col-100 elementor-top-column elementor-element elementor-element-0789cc1\" data-id=\"0789cc1\" data-element_type=\"column\">\n\t\t\t<div class=\"elementor-column-wrap elementor-element-populated\">\n\t\t\t\t\t\t\t<div class=\"elementor-widget-wrap\">\n\t\t\t\t\t\t<div class=\"elementor-element elementor-element-b034123 elementor-widget elementor-widget-text-editor\" data-id=\"b034123\" data-element_type=\"widget\" data-widget_type=\"text-editor.default\">\n\t\t\t\t<div class=\"elementor-widget-container\">\n\t\t\t\t\t\t\t\t<div class=\"elementor-text-editor elementor-clearfix\">\n\t\t\t\t<p style=\"font-weight: 400;\"><u>Dolomite marble<br>\napprox. 1900 million years<\/u><\/p>\t\t\t\t\t<\/div>\n\t\t\t\t\t\t<\/div>\n\t\t\t\t<\/div>\n\t\t\t\t\t\t<\/div>\n\t\t\t\t\t<\/div>\n\t\t<\/div>\n\t\t\t\t\t\t\t\t<\/div>\n\t\t\t\t\t<\/div>\n\t\t<\/section>\n\t\t\t\t<section class=\"elementor-section elementor-top-section elementor-element elementor-element-c2fb397 elementor-section-boxed elementor-section-height-default elementor-section-height-default\" data-id=\"c2fb397\" data-element_type=\"section\">\n\t\t\t\t\t\t<div class=\"elementor-container elementor-column-gap-default\">\n\t\t\t\t\t\t\t<div class=\"elementor-row\">\n\t\t\t\t\t<div class=\"elementor-column elementor-col-100 elementor-top-column elementor-element elementor-element-670b028\" data-id=\"670b028\" data-element_type=\"column\">\n\t\t\t<div class=\"elementor-column-wrap elementor-element-populated\">\n\t\t\t\t\t\t\t<div class=\"elementor-widget-wrap\">\n\t\t\t\t\t\t<div class=\"elementor-element elementor-element-0d90e21 elementor-widget elementor-widget-image\" data-id=\"0d90e21\" data-element_type=\"widget\" data-widget_type=\"image.default\">\n\t\t\t\t<div class=\"elementor-widget-container\">\n\t\t\t\t\t\t\t\t<div class=\"elementor-image\">\n\t\t\t\t\t\t\t\t\t\t\t\t<img width=\"338\" height=\"450\" src=\"https:\/\/globetree.se\/wp-content\/uploads\/2023\/03\/StenVastmanlandV-1080x1440-1.jpg\" class=\"attachment-medium size-medium wp-image-18445\" alt=\"\" loading=\"lazy\" srcset=\"https:\/\/globetree.se\/wp-content\/uploads\/2023\/03\/StenVastmanlandV-1080x1440-1.jpg 1080w, https:\/\/globetree.se\/wp-content\/uploads\/2023\/03\/StenVastmanlandV-1080x1440-1-9x12.jpg 9w\" sizes=\"(max-width: 338px) 100vw, 338px\" \/>\t\t\t\t\t\t\t\t\t\t\t\t\t\t<\/div>\n\t\t\t\t\t\t<\/div>\n\t\t\t\t<\/div>\n\t\t\t\t\t\t<\/div>\n\t\t\t\t\t<\/div>\n\t\t<\/div>\n\t\t\t\t\t\t\t\t<\/div>\n\t\t\t\t\t<\/div>\n\t\t<\/section>\n\t\t\t\t<section class=\"elementor-section elementor-top-section elementor-element elementor-element-6c1b35f elementor-section-boxed elementor-section-height-default elementor-section-height-default\" data-id=\"6c1b35f\" data-element_type=\"section\">\n\t\t\t\t\t\t<div class=\"elementor-container elementor-column-gap-default\">\n\t\t\t\t\t\t\t<div class=\"elementor-row\">\n\t\t\t\t\t<div class=\"elementor-column elementor-col-100 elementor-top-column elementor-element elementor-element-8e5ca38\" data-id=\"8e5ca38\" data-element_type=\"column\">\n\t\t\t<div class=\"elementor-column-wrap elementor-element-populated\">\n\t\t\t\t\t\t\t<div class=\"elementor-widget-wrap\">\n\t\t\t\t\t\t<div class=\"elementor-element elementor-element-8747b20 elementor-widget elementor-widget-text-editor\" data-id=\"8747b20\" data-element_type=\"widget\" data-widget_type=\"text-editor.default\">\n\t\t\t\t<div class=\"elementor-widget-container\">\n\t\t\t\t\t\t\t\t<div class=\"elementor-text-editor elementor-clearfix\">\n\t\t\t\t<p style=\"font-weight: 400;\">I consisted of limestone from the beginning, approximately 1900 million years old.  The limestone I am made of was deposited at the bottom of an ancient sea in close proximity to strong volcanism in large parts of central Sweden - the area usually called Bergslagen - at this time. Perhaps some of the lime was deposited from hot springs associated with volcanism, just as you can see limestone deposits today \u2013 so-called travertine \u2013 around hot springs on land in volcanically active areas. At that time, there wasn't much life even in the oceans, just algae and bacteria and similar single-celled organisms. But it actually seems that unicellular algae were also involved when I was formed. At Sala, they have found a kind of round decimeter-sized structures in the limestone called stromatolites, which are a kind of ancient fossil algae colonies. Similar living stromatolites are found in very shallow waters off the northern coast of Australia today.<\/p>\n<p style=\"font-weight: 400;\">At the same time as the volcanism, much of the ore in the Bergslagen region was also formed, such as the lead, zinc and silver ore in Sala. In the 16th century, lead and silver were mined in Sala, mostly lead, but the silver that was extracted from the lead ore was more valuable, and therefore the mine is called Sala silver mine. Later, zinc was also mined there, and mining continued through the centuries until the beginning of the 20th century. Now the mine is closed, but it has become a popular tourist destination that you can visit. <a href=\"https:\/\/www.salasilvergruva.se\/\">Sala Silvergruva<\/a>.<\/p>\n<p style=\"font-weight: 400;\">But why I am called dolomite marble, if I was made of limestone? Well, marble is limestone that has recrystallized due to high pressure and high temperature deep down in the earth's crust. And a few tens of millions of years after I was deposited, there was a mountain chain forming, and the sea floor where I was formed became high mountains. I ended up deep in the earth's crust at the roots of the mountain range, and was transformed from limestone to marble. Then the mountain range has eroded away over the course of millions of years and disappeared completely. Then I came up to the earth's surface again.<\/p>\n<p style=\"font-weight: 400;\">Some marble is white and fine, almost like snow, or like sugar that sparkles with small sugar grains. The white Italian Carrara marble is famous, and has long been used for sculptures and  monuments. For being stone, limestone and marble are not that hard, and quite easy to shape and sculpt. I, the marble from Sala, am almost as white if I may say so myself without bragging. It was probably the case that the limestone from which I was formed was very pure, consisting only of the mineral calcite (which consists of calcium carbonate). But then there is also marble formed from impure limestone that contains layers of clay or volcanic ash. These layers are converted into gray or green veins of minerals other than calcite. The Kolm\u00e5rden marble, which is about the same age as the Sala marble, and which is found in stairs and windowsills in many residential buildings, is such a greenish marble. It is also beautiful but in a different way, with an appearance that is usually called \"marbled\".<\/p>\n<p style=\"font-weight: 400;\">Dolomite, then, you wonder. Well, dolomite is magnesium-containing limestone or marble. Otherwise, pure marble consists of the mineral calcite, which is calcium carbonate, but dolomite marble consists of the mineral dolomite, which also contains magnesium. The researchers don't really know how the magnesium got there, so it's my little secret. Incidentally, in northern Italy, in the Alps, there is a whole mountain area called the Dolomites because the mountains there are mostly made of dolomite.<\/p>\n<p style=\"font-weight: 400;\">Now neither silver, lead nor zinc is mined in Sala, but a short distance from the silver mine there is a dolomite quarry where dolomite marble is mined for various industrial purposes. It is from that dolomite quarry that I come from.<\/p>\n<p style=\"font-weight: 400;\"><em>Geologist \u00c5ke Johansson<\/em><em><br><\/em><em>Swedish Museum of Natural History<\/em><\/p>\t\t\t\t\t<\/div>\n\t\t\t\t\t\t<\/div>\n\t\t\t\t<\/div>\n\t\t\t\t\t\t<\/div>\n\t\t\t\t\t<\/div>\n\t\t<\/div>\n\t\t\t\t\t\t\t\t<\/div>\n\t\t\t\t\t<\/div>\n\t\t<\/section>\n\t\t\t\t<section class=\"elementor-section elementor-top-section elementor-element elementor-element-ea11c73 elementor-section-boxed elementor-section-height-default elementor-section-height-default\" data-id=\"ea11c73\" data-element_type=\"section\">\n\t\t\t\t\t\t<div class=\"elementor-container elementor-column-gap-default\">\n\t\t\t\t\t\t\t<div class=\"elementor-row\">\n\t\t\t\t\t<div class=\"elementor-column elementor-col-100 elementor-top-column elementor-element elementor-element-0a1791c\" data-id=\"0a1791c\" data-element_type=\"column\">\n\t\t\t<div class=\"elementor-column-wrap elementor-element-populated\">\n\t\t\t\t\t\t\t<div class=\"elementor-widget-wrap\">\n\t\t\t\t\t\t<div class=\"elementor-element elementor-element-19f2ca9 elementor-widget elementor-widget-text-editor\" data-id=\"19f2ca9\" data-element_type=\"widget\" data-widget_type=\"text-editor.default\">\n\t\t\t\t<div class=\"elementor-widget-container\">\n\t\t\t\t\t\t\t\t<div class=\"elementor-text-editor elementor-clearfix\">\n\t\t\t\t<p style=\"font-weight: 400;\"><span style=\"color: #0000ff;\"><a style=\"color: #0000ff;\" href=\"https:\/\/globetree.se\/en\/\">Back to the Stone Circle<\/a><\/span><\/p>\t\t\t\t\t<\/div>\n\t\t\t\t\t\t<\/div>\n\t\t\t\t<\/div>\n\t\t\t\t\t\t<\/div>\n\t\t\t\t\t<\/div>\n\t\t<\/div>\n\t\t\t\t\t\t\t\t<\/div>\n\t\t\t\t\t<\/div>\n\t\t<\/section>\n\t\t\t\t\t\t\t\t\t<\/div>\n\t\t\t<\/div>\n\t\t\t\t\t<\/div>","protected":false},"excerpt":{"rendered":"<p>V\u00e4stmanlands l\u00e4n &#8211; Sala Dolomitmarmor ca 1900 miljoner \u00e5r Jag bestod fr\u00e5n b\u00f6rjan av kalksten, ungef\u00e4r 1900 miljoner \u00e5r gammal. Eftersom jag \u00e4r s\u00e5 gamla kallas jag ibland f\u00f6r \u201durkalksten\u201d. Kalken jag best\u00e5r av avsattes p\u00e5 botten av ett urtida hav i n\u00e4ra anslutning till kraftig vulkanism i stora delar av Mellansverige \u2013 det omr\u00e5de &hellip;<\/p>\n<p class=\"read-more\"> <a class=\"\" href=\"https:\/\/globetree.se\/en\/sten-vastmanland\/\"> <span class=\"screen-reader-text\">Sten &#8211; V\u00e4stmanland<\/span> Read More \u00bb<\/a><\/p>","protected":false},"author":1,"featured_media":0,"parent":0,"menu_order":0,"comment_status":"closed","ping_status":"closed","template":"","meta":{"_uag_custom_page_level_css":"","_mi_skip_tracking":false,"site-sidebar-layout":"default","site-content-layout":"default","ast-main-header-display":"","ast-hfb-above-header-display":"","ast-hfb-below-header-display":"","ast-hfb-mobile-header-display":"","site-post-title":"","ast-breadcrumbs-content":"","ast-featured-img":"","footer-sml-layout":"","theme-transparent-header-meta":"","adv-header-id-meta":"","stick-header-meta":"","header-above-stick-meta":"","header-main-stick-meta":"","header-below-stick-meta":""},"uagb_featured_image_src":{"full":false,"thumbnail":false,"medium":false,"medium_large":false,"large":false,"1536x1536":false,"2048x2048":false,"trp-custom-language-flag":false},"uagb_author_info":{"display_name":"Peroy","author_link":"https:\/\/globetree.se\/en\/author\/peroy\/"},"uagb_comment_info":0,"uagb_excerpt":"V\u00e4stmanlands l\u00e4n &#8211; Sala Dolomitmarmor ca 1900 miljoner \u00e5r Jag bestod fr\u00e5n b\u00f6rjan av kalksten, ungef\u00e4r 1900 miljoner \u00e5r gammal. Eftersom jag \u00e4r s\u00e5 gamla kallas jag ibland f\u00f6r \u201durkalksten\u201d. Kalken jag best\u00e5r av avsattes p\u00e5 botten av ett urtida hav i n\u00e4ra anslutning till kraftig vulkanism i stora delar av Mellansverige \u2013 det omr\u00e5de&hellip;","_links":{"self":[{"href":"https:\/\/globetree.se\/en\/wp-json\/wp\/v2\/pages\/18612"}],"collection":[{"href":"https:\/\/globetree.se\/en\/wp-json\/wp\/v2\/pages"}],"about":[{"href":"https:\/\/globetree.se\/en\/wp-json\/wp\/v2\/types\/page"}],"author":[{"embeddable":true,"href":"https:\/\/globetree.se\/en\/wp-json\/wp\/v2\/users\/1"}],"replies":[{"embeddable":true,"href":"https:\/\/globetree.se\/en\/wp-json\/wp\/v2\/comments?post=18612"}],"version-history":[{"count":28,"href":"https:\/\/globetree.se\/en\/wp-json\/wp\/v2\/pages\/18612\/revisions"}],"predecessor-version":[{"id":19589,"href":"https:\/\/globetree.se\/en\/wp-json\/wp\/v2\/pages\/18612\/revisions\/19589"}],"wp:attachment":[{"href":"https:\/\/globetree.se\/en\/wp-json\/wp\/v2\/media?parent=18612"}],"curies":[{"name":"wp","href":"https:\/\/api.w.org\/{rel}","templated":true}]}}